{"id":39,"date":"2016-12-26T12:03:32","date_gmt":"2016-12-26T11:03:32","guid":{"rendered":"http:\/\/pluskata.pl\/private\/wp\/?page_id=39"},"modified":"2026-03-08T00:46:28","modified_gmt":"2026-03-07T23:46:28","slug":"aktualnosci","status":"publish","type":"page","link":"https:\/\/pluskata.pl\/www\/pl\/aktualnosci\/","title":{"rendered":"Aktualno\u015bci"},"content":{"rendered":"<p>Posiadamy w\u0142asn\u0105 stron\u0119 z nasz\u0105 pozycj\u0105, Jest\u00a0 niezale\u017cna od stacji brzegowych. Nasza trasa jest tutaj rejestrowana od 2023 roku.<\/p>\n<h3><span style=\"color: #000080;\"><strong><a style=\"color: #000080;\" href=\"https:\/\/forecast.predictwind.com\/tracking\/display\/SV-PLUSKATA\/\">BIE\u017b\u0104CA POZYCJA i TRASA<\/a><\/strong><\/span><\/h3>\n<p><a href=\"https:\/\/forecast.predictwind.com\/tracking\/display\/SV-PLUSKATA\/\" target=\"_blank\" rel=\"noopener\"><img loading=\"lazy\" decoding=\"async\" class=\"alignnone wp-image-4410 size-medium\" title=\"BIE\u017b\u0104CA POZYCJA i TRASA\" src=\"https:\/\/pluskata.pl\/www\/wp-content\/uploads\/2023\/10\/Predict-wind-300x235.jpg\" alt=\"BIE\u017b\u0104CA POZYCJA i TRASA\" width=\"300\" height=\"235\" srcset=\"https:\/\/pluskata.pl\/www\/wp-content\/uploads\/2023\/10\/Predict-wind-300x235.jpg 300w, https:\/\/pluskata.pl\/www\/wp-content\/uploads\/2023\/10\/Predict-wind-150x117.jpg 150w, https:\/\/pluskata.pl\/www\/wp-content\/uploads\/2023\/10\/Predict-wind.jpg 672w\" sizes=\"auto, (max-width: 300px) 100vw, 300px\" \/><\/a><\/p>\n<p>Mo\u017cna nas te\u017c znale\u017a\u0107 na <a href=\"https:\/\/www.vesselfinder.com\/pl\/?mmsi=261036090\">vesselfinder.com<\/a> albo na <a href=\"https:\/\/www.marinetraffic.com\/\">marinetraffic.com<\/a> wpisuj\u0105c w wyszukiwark\u0119 PLUSKATA.<\/p>\n<p>W tym roku p\u0142yniemy przez Pacyfik: Galapagos, Wyspa Wielkanocna, Polinezja Francuska i Hawaje<\/p>\n<p>Plan rejs\u00f3w a\u017c do Hawaj\u00f3w znajdziecie tutaj:<\/p>\n<p><a href=\"https:\/\/pluskata.pl\/www\/pl\/rejsy-po-swiecie\/\">Rejsy planowane<\/a><\/p>\n<p><span style=\"color: #ff0000;\"><strong>MAMY STARLINKA<\/strong><\/span> &#8211; to internet na morzu &#8211; zasi\u0119g mo\u017cna zobaczy\u0107 tutaj:<\/p>\n<p>https:\/\/www.starlink.com\/map<\/p>\n<p>Podoba Ci si\u0119 nasz kierunek? Mo\u017cesz do\u0142\u0105czy\u0107 do za\u0142ogi &#8211; na jeden lub kilka odcink\u00f3w trasy. Niewa\u017cne, czy jeste\u015b osob\u0105 pocz\u0105tkuj\u0105c\u0105, czy szukasz swojej kolejnej morskiej przygody &#8211; na Pluskatej dla ka\u017cdego znajdzie si\u0119 miejsce!<\/p>\n","protected":false},"excerpt":{"rendered":"<p>Posiadamy w\u0142asn\u0105 stron\u0119 z nasz\u0105 pozycj\u0105, Jest\u00a0 niezale\u017cna od stacji brzegowych. Nasza trasa jest tutaj rejestrowana od 2023 roku. BIE\u017b\u0104CA POZYCJA i TRASA Mo\u017cna nas te\u017c znale\u017a\u0107 na vesselfinder.com albo na marinetraffic.com wpisuj\u0105c w wyszukiwark\u0119 PLUSKATA. W tym roku p\u0142yniemy przez Pacyfik: Galapagos, Wyspa Wielkanocna, Polinezja Francuska i Hawaje Plan\u2026<\/p>\n<p class=\"continue-reading-button\"> <a class=\"continue-reading-link\" href=\"https:\/\/pluskata.pl\/www\/pl\/aktualnosci\/\">Czytaj dalej\/Continue reading<i class=\"crycon-right-dir\"><\/i><\/a><\/p>\n","protected":false},"author":1,"featured_media":0,"parent":0,"menu_order":35,"comment_status":"closed","ping_status":"closed","template":"","meta":{"footnotes":""},"class_list":["post-39","page","type-page","status-publish","hentry"],"yoast_head":"<!-- This site is optimized with the Yoast SEO plugin v27.4 - https:\/\/yoast.com\/product\/yoast-seo-wordpress\/ -->\n<title>Aktualno\u015bci - Podr\u00f3\u017ce jachtem po \u015bwiecie jacht, rejs, dooko\u0142a \u015bwiata<\/title>\n<meta name=\"description\" content=\"Zapraszamy do wsp\u00f3lnego \u017ceglowania rejs niekomercyjny,rejsy morskie, rejsy niekomercyjne, \u017ceglarstwo morskie, p\u0142ywy, rejs sk\u0142adkowy,\" \/>\n<meta name=\"robots\" content=\"index, follow, max-snippet:-1, max-image-preview:large, max-video-preview:-1\" \/>\n<link rel=\"canonical\" href=\"https:\/\/pluskata.pl\/www\/pl\/aktualnosci\/\" \/>\n<meta property=\"og:locale\" content=\"pl_PL\" \/>\n<meta property=\"og:type\" content=\"article\" \/>\n<meta property=\"og:title\" content=\"Aktualno\u015bci - Podr\u00f3\u017ce jachtem po \u015bwiecie jacht, rejs, dooko\u0142a \u015bwiata\" \/>\n<meta property=\"og:description\" content=\"Zapraszamy do wsp\u00f3lnego \u017ceglowania rejs niekomercyjny,rejsy morskie, rejsy niekomercyjne, \u017ceglarstwo morskie, p\u0142ywy, rejs sk\u0142adkowy,\" \/>\n<meta property=\"og:url\" content=\"https:\/\/pluskata.pl\/www\/pl\/aktualnosci\/\" \/>\n<meta property=\"og:site_name\" content=\"Podr\u00f3\u017ce jachtem po \u015bwiecie\" \/>\n<meta property=\"article:publisher\" content=\"https:\/\/www.facebook.com\/pluskata\" \/>\n<meta property=\"article:modified_time\" content=\"2026-03-07T23:46:28+00:00\" \/>\n<meta property=\"og:image\" content=\"https:\/\/pluskata.pl\/www\/wp-content\/uploads\/2023\/10\/Predict-wind.jpg\" \/>\n\t<meta property=\"og:image:width\" content=\"672\" \/>\n\t<meta property=\"og:image:height\" content=\"526\" \/>\n\t<meta property=\"og:image:type\" content=\"image\/jpeg\" \/>\n<meta name=\"twitter:card\" content=\"summary_large_image\" \/>\n<meta name=\"twitter:label1\" content=\"Szacowany czas czytania\" \/>\n\t<meta name=\"twitter:data1\" content=\"1 minuta\" \/>\n<script type=\"application\/ld+json\" class=\"yoast-schema-graph\">{\"@context\":\"https:\\\/\\\/schema.org\",\"@graph\":[{\"@type\":\"WebPage\",\"@id\":\"https:\\\/\\\/pluskata.pl\\\/www\\\/pl\\\/aktualnosci\\\/\",\"url\":\"https:\\\/\\\/pluskata.pl\\\/www\\\/pl\\\/aktualnosci\\\/\",\"name\":\"Aktualno\u015bci - Podr\u00f3\u017ce jachtem po \u015bwiecie jacht, rejs, dooko\u0142a \u015bwiata\",\"isPartOf\":{\"@id\":\"https:\\\/\\\/pluskata.pl\\\/www\\\/#website\"},\"primaryImageOfPage\":{\"@id\":\"https:\\\/\\\/pluskata.pl\\\/www\\\/pl\\\/aktualnosci\\\/#primaryimage\"},\"image\":{\"@id\":\"https:\\\/\\\/pluskata.pl\\\/www\\\/pl\\\/aktualnosci\\\/#primaryimage\"},\"thumbnailUrl\":\"https:\\\/\\\/pluskata.pl\\\/www\\\/wp-content\\\/uploads\\\/2023\\\/10\\\/Predict-wind-300x235.jpg\",\"datePublished\":\"2016-12-26T11:03:32+00:00\",\"dateModified\":\"2026-03-07T23:46:28+00:00\",\"description\":\"Zapraszamy do wsp\u00f3lnego \u017ceglowania rejs niekomercyjny,rejsy morskie, rejsy niekomercyjne, \u017ceglarstwo morskie, p\u0142ywy, rejs sk\u0142adkowy,\",\"breadcrumb\":{\"@id\":\"https:\\\/\\\/pluskata.pl\\\/www\\\/pl\\\/aktualnosci\\\/#breadcrumb\"},\"inLanguage\":\"pl-PL\",\"potentialAction\":[{\"@type\":\"ReadAction\",\"target\":[\"https:\\\/\\\/pluskata.pl\\\/www\\\/pl\\\/aktualnosci\\\/\"]}]},{\"@type\":\"ImageObject\",\"inLanguage\":\"pl-PL\",\"@id\":\"https:\\\/\\\/pluskata.pl\\\/www\\\/pl\\\/aktualnosci\\\/#primaryimage\",\"url\":\"https:\\\/\\\/pluskata.pl\\\/www\\\/wp-content\\\/uploads\\\/2023\\\/10\\\/Predict-wind.jpg\",\"contentUrl\":\"https:\\\/\\\/pluskata.pl\\\/www\\\/wp-content\\\/uploads\\\/2023\\\/10\\\/Predict-wind.jpg\",\"width\":672,\"height\":526},{\"@type\":\"BreadcrumbList\",\"@id\":\"https:\\\/\\\/pluskata.pl\\\/www\\\/pl\\\/aktualnosci\\\/#breadcrumb\",\"itemListElement\":[{\"@type\":\"ListItem\",\"position\":1,\"name\":\"Strona g\u0142\u00f3wna\",\"item\":\"https:\\\/\\\/pluskata.pl\\\/www\\\/pl\\\/aktualnosci\\\/\"},{\"@type\":\"ListItem\",\"position\":2,\"name\":\"Aktualno\u015bci\"}]},{\"@type\":\"WebSite\",\"@id\":\"https:\\\/\\\/pluskata.pl\\\/www\\\/#website\",\"url\":\"https:\\\/\\\/pluskata.pl\\\/www\\\/\",\"name\":\"Podr\u00f3\u017ce jachtem po \u015bwiecie\",\"description\":\"Zapraszamy do wsp\u00f3lnego \u017ceglowania\",\"publisher\":{\"@id\":\"https:\\\/\\\/pluskata.pl\\\/www\\\/#\\\/schema\\\/person\\\/15daea66397efafeded8883b67482cc0\"},\"potentialAction\":[{\"@type\":\"SearchAction\",\"target\":{\"@type\":\"EntryPoint\",\"urlTemplate\":\"https:\\\/\\\/pluskata.pl\\\/www\\\/?s={search_term_string}\"},\"query-input\":{\"@type\":\"PropertyValueSpecification\",\"valueRequired\":true,\"valueName\":\"search_term_string\"}}],\"inLanguage\":\"pl-PL\"},{\"@type\":[\"Person\",\"Organization\"],\"@id\":\"https:\\\/\\\/pluskata.pl\\\/www\\\/#\\\/schema\\\/person\\\/15daea66397efafeded8883b67482cc0\",\"name\":\"Pluskata\",\"image\":{\"@type\":\"ImageObject\",\"inLanguage\":\"pl-PL\",\"@id\":\"https:\\\/\\\/pluskata.pl\\\/www\\\/wp-content\\\/uploads\\\/2020\\\/12\\\/cropped-Logo-Pluskata_512.png\",\"url\":\"https:\\\/\\\/pluskata.pl\\\/www\\\/wp-content\\\/uploads\\\/2020\\\/12\\\/cropped-Logo-Pluskata_512.png\",\"contentUrl\":\"https:\\\/\\\/pluskata.pl\\\/www\\\/wp-content\\\/uploads\\\/2020\\\/12\\\/cropped-Logo-Pluskata_512.png\",\"width\":512,\"height\":512,\"caption\":\"Pluskata\"},\"logo\":{\"@id\":\"https:\\\/\\\/pluskata.pl\\\/www\\\/wp-content\\\/uploads\\\/2020\\\/12\\\/cropped-Logo-Pluskata_512.png\"},\"sameAs\":[\"http:\\\/\\\/www.pluskata.pl\",\"https:\\\/\\\/www.facebook.com\\\/pluskata\"]}]}<\/script>\n<!-- \/ Yoast SEO plugin. -->","yoast_head_json":{"title":"Aktualno\u015bci - Podr\u00f3\u017ce jachtem po \u015bwiecie jacht, rejs, dooko\u0142a \u015bwiata","description":"Zapraszamy do wsp\u00f3lnego \u017ceglowania rejs niekomercyjny,rejsy morskie, rejsy niekomercyjne, \u017ceglarstwo morskie, p\u0142ywy, rejs sk\u0142adkowy,","robots":{"index":"index","follow":"follow","max-snippet":"max-snippet:-1","max-image-preview":"max-image-preview:large","max-video-preview":"max-video-preview:-1"},"canonical":"https:\/\/pluskata.pl\/www\/pl\/aktualnosci\/","og_locale":"pl_PL","og_type":"article","og_title":"Aktualno\u015bci - Podr\u00f3\u017ce jachtem po \u015bwiecie jacht, rejs, dooko\u0142a \u015bwiata","og_description":"Zapraszamy do wsp\u00f3lnego \u017ceglowania rejs niekomercyjny,rejsy morskie, rejsy niekomercyjne, \u017ceglarstwo morskie, p\u0142ywy, rejs sk\u0142adkowy,","og_url":"https:\/\/pluskata.pl\/www\/pl\/aktualnosci\/","og_site_name":"Podr\u00f3\u017ce jachtem po \u015bwiecie","article_publisher":"https:\/\/www.facebook.com\/pluskata","article_modified_time":"2026-03-07T23:46:28+00:00","og_image":[{"width":672,"height":526,"url":"https:\/\/pluskata.pl\/www\/wp-content\/uploads\/2023\/10\/Predict-wind.jpg","type":"image\/jpeg"}],"twitter_card":"summary_large_image","twitter_misc":{"Szacowany czas czytania":"1 minuta"},"schema":{"@context":"https:\/\/schema.org","@graph":[{"@type":"WebPage","@id":"https:\/\/pluskata.pl\/www\/pl\/aktualnosci\/","url":"https:\/\/pluskata.pl\/www\/pl\/aktualnosci\/","name":"Aktualno\u015bci - Podr\u00f3\u017ce jachtem po \u015bwiecie jacht, rejs, dooko\u0142a \u015bwiata","isPartOf":{"@id":"https:\/\/pluskata.pl\/www\/#website"},"primaryImageOfPage":{"@id":"https:\/\/pluskata.pl\/www\/pl\/aktualnosci\/#primaryimage"},"image":{"@id":"https:\/\/pluskata.pl\/www\/pl\/aktualnosci\/#primaryimage"},"thumbnailUrl":"https:\/\/pluskata.pl\/www\/wp-content\/uploads\/2023\/10\/Predict-wind-300x235.jpg","datePublished":"2016-12-26T11:03:32+00:00","dateModified":"2026-03-07T23:46:28+00:00","description":"Zapraszamy do wsp\u00f3lnego \u017ceglowania rejs niekomercyjny,rejsy morskie, rejsy niekomercyjne, \u017ceglarstwo morskie, p\u0142ywy, rejs sk\u0142adkowy,","breadcrumb":{"@id":"https:\/\/pluskata.pl\/www\/pl\/aktualnosci\/#breadcrumb"},"inLanguage":"pl-PL","potentialAction":[{"@type":"ReadAction","target":["https:\/\/pluskata.pl\/www\/pl\/aktualnosci\/"]}]},{"@type":"ImageObject","inLanguage":"pl-PL","@id":"https:\/\/pluskata.pl\/www\/pl\/aktualnosci\/#primaryimage","url":"https:\/\/pluskata.pl\/www\/wp-content\/uploads\/2023\/10\/Predict-wind.jpg","contentUrl":"https:\/\/pluskata.pl\/www\/wp-content\/uploads\/2023\/10\/Predict-wind.jpg","width":672,"height":526},{"@type":"BreadcrumbList","@id":"https:\/\/pluskata.pl\/www\/pl\/aktualnosci\/#breadcrumb","itemListElement":[{"@type":"ListItem","position":1,"name":"Strona g\u0142\u00f3wna","item":"https:\/\/pluskata.pl\/www\/pl\/aktualnosci\/"},{"@type":"ListItem","position":2,"name":"Aktualno\u015bci"}]},{"@type":"WebSite","@id":"https:\/\/pluskata.pl\/www\/#website","url":"https:\/\/pluskata.pl\/www\/","name":"Podr\u00f3\u017ce jachtem po \u015bwiecie","description":"Zapraszamy do wsp\u00f3lnego \u017ceglowania","publisher":{"@id":"https:\/\/pluskata.pl\/www\/#\/schema\/person\/15daea66397efafeded8883b67482cc0"},"potentialAction":[{"@type":"SearchAction","target":{"@type":"EntryPoint","urlTemplate":"https:\/\/pluskata.pl\/www\/?s={search_term_string}"},"query-input":{"@type":"PropertyValueSpecification","valueRequired":true,"valueName":"search_term_string"}}],"inLanguage":"pl-PL"},{"@type":["Person","Organization"],"@id":"https:\/\/pluskata.pl\/www\/#\/schema\/person\/15daea66397efafeded8883b67482cc0","name":"Pluskata","image":{"@type":"ImageObject","inLanguage":"pl-PL","@id":"https:\/\/pluskata.pl\/www\/wp-content\/uploads\/2020\/12\/cropped-Logo-Pluskata_512.png","url":"https:\/\/pluskata.pl\/www\/wp-content\/uploads\/2020\/12\/cropped-Logo-Pluskata_512.png","contentUrl":"https:\/\/pluskata.pl\/www\/wp-content\/uploads\/2020\/12\/cropped-Logo-Pluskata_512.png","width":512,"height":512,"caption":"Pluskata"},"logo":{"@id":"https:\/\/pluskata.pl\/www\/wp-content\/uploads\/2020\/12\/cropped-Logo-Pluskata_512.png"},"sameAs":["http:\/\/www.pluskata.pl","https:\/\/www.facebook.com\/pluskata"]}]}},"_links":{"self":[{"href":"https:\/\/pluskata.pl\/www\/wp-json\/wp\/v2\/pages\/39","targetHints":{"allow":["GET"]}}],"collection":[{"href":"https:\/\/pluskata.pl\/www\/wp-json\/wp\/v2\/pages"}],"about":[{"href":"https:\/\/pluskata.pl\/www\/wp-json\/wp\/v2\/types\/page"}],"author":[{"embeddable":true,"href":"https:\/\/pluskata.pl\/www\/wp-json\/wp\/v2\/users\/1"}],"replies":[{"embeddable":true,"href":"https:\/\/pluskata.pl\/www\/wp-json\/wp\/v2\/comments?post=39"}],"version-history":[{"count":5,"href":"https:\/\/pluskata.pl\/www\/wp-json\/wp\/v2\/pages\/39\/revisions"}],"predecessor-version":[{"id":6638,"href":"https:\/\/pluskata.pl\/www\/wp-json\/wp\/v2\/pages\/39\/revisions\/6638"}],"wp:attachment":[{"href":"https:\/\/pluskata.pl\/www\/wp-json\/wp\/v2\/media?parent=39"}],"curies":[{"name":"wp","href":"https:\/\/api.w.org\/{rel}","templated":true}]}}