{"id":156,"date":"2016-12-26T20:47:20","date_gmt":"2016-12-26T19:47:20","guid":{"rendered":"http:\/\/pluskata.pl\/private\/wp\/?page_id=156"},"modified":"2022-10-19T22:12:29","modified_gmt":"2022-10-19T20:12:29","slug":"poplyn-z-nami","status":"publish","type":"page","link":"https:\/\/pluskata.pl\/www\/pl\/poplyn-z-nami\/","title":{"rendered":"Pop\u0142y\u0144 z nami"},"content":{"rendered":"<p><strong>Do\u0142\u0105cz do naszej za\u0142ogi!<\/strong><\/p>\n<p>Jeste\u015bmy pasjonatami \u017ceglarstwa, od dekad (ups!) ka\u017cd\u0105 woln\u0105 chwil\u0119 sp\u0119dzaj\u0105cymi na morzu. Nie prowadzimy rejs\u00f3w dla pieni\u0119dzy, tylko dla przyjemno\u015bci, a p\u0142yn\u0105c z nami do\u0142\u0105czasz do za\u0142ogi, nie wynajmujesz sobie \u0142\u00f3dk\u0119.<\/p>\n<p><strong>Dla kogo?<\/strong><\/p>\n<p>Nasz pok\u0142ad jest przyjazny zar\u00f3wno dla do\u015bwiadczonych wilk\u00f3w morskich, jak i os\u00f3b chc\u0105cych dopiero zacz\u0105\u0107 przygod\u0119 z morzem i falami. Ka\u017cda osoba bior\u0105ca udzia\u0142 w naszych rejsach bierze udzia\u0142 w obowi\u0105zkowym szkoleniu z zasad bezpiecze\u0144stwa i obs\u0142ugi sprz\u0119tu ratunkowego oraz z zasad, jakie panuj\u0105 na jachcie. Je\u015bli masz ochot\u0119, nauczymy Ci\u0119 te\u017c podstaw \u017ceglowania, w\u0119z\u0142\u00f3w, nawigacji i wielu innych rzeczy przydatnych podczas \u017ceglugi i \u017cycia na jachcie.<br \/>\nAha, i choroba morska jest przereklamowana! Ka\u017cdy organizm jest inny i inaczej radzi sobie z ko\u0142ysaniem morza. Niekt\u00f3rzy w og\u00f3le nie do\u015bwiadczaj\u0105 choroby morskiej. Nawet je\u015bli Ci\u0119 dopadnie, najlepszym lekiem jest zaj\u0105\u0107 si\u0119 jak\u0105\u015b prac\u0105 na jachcie.<\/p>\n<p><strong>Co si\u0119 dzieje na rejsach?<\/strong><\/p>\n<p>P\u0142ywamy! Po morzu!<br \/>\nKa\u017cda osoba dostaje w\u0142asn\u0105 koj\u0119 i du\u017co miejsca w szafie.<br \/>\nPodczas rejs\u00f3w dzielimy si\u0119 obowi\u0105zkami. Za\u0142oga podzielona jest na wachty, wsp\u00f3lnie zajmujemy si\u0119 \u017caglami, a ka\u017cdy ma okazj\u0119 stan\u0105\u0107 przy sterze. Staramy si\u0119 gotowa\u0107 na jachcie &#8211; mamy wygodn\u0105, dobrze wyposa\u017con\u0105 kuchni\u0119 i przestronne szafki na zapasy.<br \/>\nZawsze mamy ustalony port pocz\u0105tkowy i ko\u0144cowy &#8211; bezpiecze\u0144stwo jest u nas na pierwszym miejscu, wi\u0119c porty pomi\u0119dzy mog\u0105 si\u0119 zmienia\u0107 w zale\u017cno\u015bci od warunk\u00f3w pogodowych. P\u0142ywamy za to w nocy, wi\u0119c b\u0119dziesz mie\u0107 okazj\u0119 podziwia\u0107 zapieraj\u0105ce dech w piersiach gwiazdy z samego \u015brodka morza \ud83d\ude42<\/p>\n<p><strong>Za ile?<\/strong><\/p>\n<p>Nie jeste\u015bmy firm\u0105 i nie zarabiamy na naszych rejsach, koszty dzielimy r\u00f3wno na ca\u0142\u0105 za\u0142og\u0119 i kapitana. Ka\u017cda osoba dok\u0142ada si\u0119 do kasy jachtowej (op\u0142aty portowe, jedzenie, paliwo itp. \u2013 kwota zale\u017cna od apetytu za\u0142ogi i rejonu p\u0142ywania, rozliczana na koniec danego odcinka rejsu) i do kasy remontowej (na utrzymanie jachtu \u2013 kwota rycza\u0142towa zale\u017cna od rejonu p\u0142ywania).<br \/>\nJako \u017ce wsz\u0119dzie ceny s\u0105 inne, a nasze koszty zale\u017cne od liczby os\u00f3b na pok\u0142adzie, nie mo\u017cemy dok\u0142adnie okre\u015bli\u0107 wysoko\u015bci takiego wk\u0142adu do kasy jachtowej, ale mo\u017cesz przyj\u0105\u0107, \u017ce jest por\u00f3wnywalny z kosztami utrzymania na l\u0105dzie w danym rejonie \u015bwiata. Konkretne \u201ewide\u0142ki\u201d podajemy mailowo dla danych odcink\u00f3w rejsu.<\/p>\n<p><strong>Nasze zasady<\/strong><\/p>\n<ol>\n<li>Alkohol &#8211; na morzu go nie pijemy. W portach &#8211; wedle uznania (ale pami\u0119tajmy o zdrowym rozs\u0105dku, nast\u0119pny dzie\u0144 powinien by\u0107 przyjemny, a nie \u017ce mewa tupie dwa jachty dalej).<\/li>\n<li>Za\u0142oga &#8211; jest zespo\u0142em, wi\u0119c razem jemy posi\u0142ki, razem p\u0142ywamy i sp\u0119dzamy czas na jachcie, zachowuj\u0105c wra\u017cliwo\u015b\u0107 na potrzeby otoczenia. Na Pluskatej wierzymy w moc wzajemnego szacunku i dobrego humoru. Je\u015bli mamy jakie\u015b problemy, rozmawiamy o nich, zamiast je w sobie dusi\u0107.<\/li>\n<li>Bezpiecze\u0144stwo &#8211; poruszaj\u0105c si\u0119 po jachcie zawsze si\u0119 czego\u015b trzymamy, po pok\u0142adzie nie biegamy, a w nocy i przy z\u0142ej pogodzie zak\u0142adamy kamizelki ratunkowe z pasami bezpiecze\u0144stwa i przypinamy si\u0119 do sta\u0142ych element\u00f3w jachtu. Je\u017celi nie czujesz si\u0119 pewnie, mo\u017cesz nosi\u0107 kamizelk\u0119 ca\u0142y czas \u2013 jest naprawd\u0119 wygodna.<\/li>\n<li>Grawitacja &#8211; prawo Murphy\u2019ego m\u00f3wi, \u017ce jak tylko od\u0142o\u017cysz kubek pe\u0142en herbaty na st\u00f3\u0142, to milisekund\u0119 p\u00f3\u017aniej przyjdzie ta jedna wi\u0119ksza fala, kt\u00f3ra go przewr\u00f3ci. Nie odk\u0142adamy rzeczy tam sk\u0105d mog\u0105 spa\u015b\u0107 (zw\u0142aszcza te ci\u0119\u017ckie albo cenne), staramy si\u0119 utrzyma\u0107 porz\u0105dek, a w czasie p\u0142ywania zwracamy szczeg\u00f3ln\u0105 uwag\u0119 gdzie co\u015b k\u0142adziemy.<\/li>\n<li>Je\u017celi czego\u015b nie wiesz, albo masz w\u0105tpliwo\u015bci, \u015bmia\u0142o pytaj \u2013 uznajemy, \u017ce nie ma g\u0142upich pyta\u0144.<\/li>\n<\/ol>\n","protected":false},"excerpt":{"rendered":"<p>Do\u0142\u0105cz do naszej za\u0142ogi! Jeste\u015bmy pasjonatami \u017ceglarstwa, od dekad (ups!) ka\u017cd\u0105 woln\u0105 chwil\u0119 sp\u0119dzaj\u0105cymi na morzu. Nie prowadzimy rejs\u00f3w dla pieni\u0119dzy, tylko dla przyjemno\u015bci, a p\u0142yn\u0105c z nami do\u0142\u0105czasz do za\u0142ogi, nie wynajmujesz sobie \u0142\u00f3dk\u0119. Dla kogo? Nasz pok\u0142ad jest przyjazny zar\u00f3wno dla do\u015bwiadczonych wilk\u00f3w morskich, jak i os\u00f3b chc\u0105cych\u2026<\/p>\n<p class=\"continue-reading-button\"> <a class=\"continue-reading-link\" href=\"https:\/\/pluskata.pl\/www\/pl\/poplyn-z-nami\/\">Czytaj dalej\/Continue reading<i class=\"crycon-right-dir\"><\/i><\/a><\/p>\n","protected":false},"author":1,"featured_media":0,"parent":0,"menu_order":20,"comment_status":"closed","ping_status":"closed","template":"templates\/template-onecolumn.php","meta":{"footnotes":""},"class_list":["post-156","page","type-page","status-publish","hentry"],"yoast_head":"<!-- This site is optimized with the Yoast SEO plugin v27.5 - https:\/\/yoast.com\/product\/yoast-seo-wordpress\/ -->\n<title>Pop\u0142y\u0144 z nami - Podr\u00f3\u017ce jachtem po \u015bwiecie<\/title>\n<meta name=\"robots\" content=\"index, follow, max-snippet:-1, max-image-preview:large, max-video-preview:-1\" \/>\n<link rel=\"canonical\" href=\"https:\/\/pluskata.pl\/www\/pl\/poplyn-z-nami\/\" \/>\n<meta property=\"og:locale\" content=\"pl_PL\" \/>\n<meta property=\"og:type\" content=\"article\" \/>\n<meta property=\"og:title\" content=\"Pop\u0142y\u0144 z nami - Podr\u00f3\u017ce jachtem po \u015bwiecie\" \/>\n<meta property=\"og:description\" content=\"Do\u0142\u0105cz do naszej za\u0142ogi! Jeste\u015bmy pasjonatami \u017ceglarstwa, od dekad (ups!) ka\u017cd\u0105 woln\u0105 chwil\u0119 sp\u0119dzaj\u0105cymi na morzu. Nie prowadzimy rejs\u00f3w dla pieni\u0119dzy, tylko dla przyjemno\u015bci, a p\u0142yn\u0105c z nami do\u0142\u0105czasz do za\u0142ogi, nie wynajmujesz sobie \u0142\u00f3dk\u0119. Dla kogo? Nasz pok\u0142ad jest przyjazny zar\u00f3wno dla do\u015bwiadczonych wilk\u00f3w morskich, jak i os\u00f3b chc\u0105cych\u2026 Czytaj dalej\/Continue reading\" \/>\n<meta property=\"og:url\" content=\"https:\/\/pluskata.pl\/www\/pl\/poplyn-z-nami\/\" \/>\n<meta property=\"og:site_name\" content=\"Podr\u00f3\u017ce jachtem po \u015bwiecie\" \/>\n<meta property=\"article:publisher\" content=\"https:\/\/www.facebook.com\/pluskata\" \/>\n<meta property=\"article:modified_time\" content=\"2022-10-19T20:12:29+00:00\" \/>\n<meta name=\"twitter:card\" content=\"summary_large_image\" \/>\n<meta name=\"twitter:label1\" content=\"Szacowany czas czytania\" \/>\n\t<meta name=\"twitter:data1\" content=\"3 minuty\" \/>\n<script type=\"application\/ld+json\" class=\"yoast-schema-graph\">{\"@context\":\"https:\\\/\\\/schema.org\",\"@graph\":[{\"@type\":\"WebPage\",\"@id\":\"https:\\\/\\\/pluskata.pl\\\/www\\\/pl\\\/poplyn-z-nami\\\/\",\"url\":\"https:\\\/\\\/pluskata.pl\\\/www\\\/pl\\\/poplyn-z-nami\\\/\",\"name\":\"Pop\u0142y\u0144 z nami - Podr\u00f3\u017ce jachtem po \u015bwiecie\",\"isPartOf\":{\"@id\":\"https:\\\/\\\/pluskata.pl\\\/www\\\/#website\"},\"datePublished\":\"2016-12-26T19:47:20+00:00\",\"dateModified\":\"2022-10-19T20:12:29+00:00\",\"breadcrumb\":{\"@id\":\"https:\\\/\\\/pluskata.pl\\\/www\\\/pl\\\/poplyn-z-nami\\\/#breadcrumb\"},\"inLanguage\":\"pl-PL\",\"potentialAction\":[{\"@type\":\"ReadAction\",\"target\":[\"https:\\\/\\\/pluskata.pl\\\/www\\\/pl\\\/poplyn-z-nami\\\/\"]}]},{\"@type\":\"BreadcrumbList\",\"@id\":\"https:\\\/\\\/pluskata.pl\\\/www\\\/pl\\\/poplyn-z-nami\\\/#breadcrumb\",\"itemListElement\":[{\"@type\":\"ListItem\",\"position\":1,\"name\":\"Strona g\u0142\u00f3wna\",\"item\":\"https:\\\/\\\/pluskata.pl\\\/www\\\/pl\\\/aktualnosci\\\/\"},{\"@type\":\"ListItem\",\"position\":2,\"name\":\"Pop\u0142y\u0144 z nami\"}]},{\"@type\":\"WebSite\",\"@id\":\"https:\\\/\\\/pluskata.pl\\\/www\\\/#website\",\"url\":\"https:\\\/\\\/pluskata.pl\\\/www\\\/\",\"name\":\"Podr\u00f3\u017ce jachtem po \u015bwiecie\",\"description\":\"Zapraszamy do wsp\u00f3lnego \u017ceglowania\",\"publisher\":{\"@id\":\"https:\\\/\\\/pluskata.pl\\\/www\\\/#\\\/schema\\\/person\\\/15daea66397efafeded8883b67482cc0\"},\"potentialAction\":[{\"@type\":\"SearchAction\",\"target\":{\"@type\":\"EntryPoint\",\"urlTemplate\":\"https:\\\/\\\/pluskata.pl\\\/www\\\/?s={search_term_string}\"},\"query-input\":{\"@type\":\"PropertyValueSpecification\",\"valueRequired\":true,\"valueName\":\"search_term_string\"}}],\"inLanguage\":\"pl-PL\"},{\"@type\":[\"Person\",\"Organization\"],\"@id\":\"https:\\\/\\\/pluskata.pl\\\/www\\\/#\\\/schema\\\/person\\\/15daea66397efafeded8883b67482cc0\",\"name\":\"Pluskata\",\"image\":{\"@type\":\"ImageObject\",\"inLanguage\":\"pl-PL\",\"@id\":\"https:\\\/\\\/pluskata.pl\\\/www\\\/wp-content\\\/uploads\\\/2020\\\/12\\\/cropped-Logo-Pluskata_512.png\",\"url\":\"https:\\\/\\\/pluskata.pl\\\/www\\\/wp-content\\\/uploads\\\/2020\\\/12\\\/cropped-Logo-Pluskata_512.png\",\"contentUrl\":\"https:\\\/\\\/pluskata.pl\\\/www\\\/wp-content\\\/uploads\\\/2020\\\/12\\\/cropped-Logo-Pluskata_512.png\",\"width\":512,\"height\":512,\"caption\":\"Pluskata\"},\"logo\":{\"@id\":\"https:\\\/\\\/pluskata.pl\\\/www\\\/wp-content\\\/uploads\\\/2020\\\/12\\\/cropped-Logo-Pluskata_512.png\"},\"sameAs\":[\"http:\\\/\\\/www.pluskata.pl\",\"https:\\\/\\\/www.facebook.com\\\/pluskata\"]}]}<\/script>\n<!-- \/ Yoast SEO plugin. -->","yoast_head_json":{"title":"Pop\u0142y\u0144 z nami - Podr\u00f3\u017ce jachtem po \u015bwiecie","robots":{"index":"index","follow":"follow","max-snippet":"max-snippet:-1","max-image-preview":"max-image-preview:large","max-video-preview":"max-video-preview:-1"},"canonical":"https:\/\/pluskata.pl\/www\/pl\/poplyn-z-nami\/","og_locale":"pl_PL","og_type":"article","og_title":"Pop\u0142y\u0144 z nami - Podr\u00f3\u017ce jachtem po \u015bwiecie","og_description":"Do\u0142\u0105cz do naszej za\u0142ogi! Jeste\u015bmy pasjonatami \u017ceglarstwa, od dekad (ups!) ka\u017cd\u0105 woln\u0105 chwil\u0119 sp\u0119dzaj\u0105cymi na morzu. Nie prowadzimy rejs\u00f3w dla pieni\u0119dzy, tylko dla przyjemno\u015bci, a p\u0142yn\u0105c z nami do\u0142\u0105czasz do za\u0142ogi, nie wynajmujesz sobie \u0142\u00f3dk\u0119. Dla kogo? Nasz pok\u0142ad jest przyjazny zar\u00f3wno dla do\u015bwiadczonych wilk\u00f3w morskich, jak i os\u00f3b chc\u0105cych\u2026 Czytaj dalej\/Continue reading","og_url":"https:\/\/pluskata.pl\/www\/pl\/poplyn-z-nami\/","og_site_name":"Podr\u00f3\u017ce jachtem po \u015bwiecie","article_publisher":"https:\/\/www.facebook.com\/pluskata","article_modified_time":"2022-10-19T20:12:29+00:00","twitter_card":"summary_large_image","twitter_misc":{"Szacowany czas czytania":"3 minuty"},"schema":{"@context":"https:\/\/schema.org","@graph":[{"@type":"WebPage","@id":"https:\/\/pluskata.pl\/www\/pl\/poplyn-z-nami\/","url":"https:\/\/pluskata.pl\/www\/pl\/poplyn-z-nami\/","name":"Pop\u0142y\u0144 z nami - Podr\u00f3\u017ce jachtem po \u015bwiecie","isPartOf":{"@id":"https:\/\/pluskata.pl\/www\/#website"},"datePublished":"2016-12-26T19:47:20+00:00","dateModified":"2022-10-19T20:12:29+00:00","breadcrumb":{"@id":"https:\/\/pluskata.pl\/www\/pl\/poplyn-z-nami\/#breadcrumb"},"inLanguage":"pl-PL","potentialAction":[{"@type":"ReadAction","target":["https:\/\/pluskata.pl\/www\/pl\/poplyn-z-nami\/"]}]},{"@type":"BreadcrumbList","@id":"https:\/\/pluskata.pl\/www\/pl\/poplyn-z-nami\/#breadcrumb","itemListElement":[{"@type":"ListItem","position":1,"name":"Strona g\u0142\u00f3wna","item":"https:\/\/pluskata.pl\/www\/pl\/aktualnosci\/"},{"@type":"ListItem","position":2,"name":"Pop\u0142y\u0144 z nami"}]},{"@type":"WebSite","@id":"https:\/\/pluskata.pl\/www\/#website","url":"https:\/\/pluskata.pl\/www\/","name":"Podr\u00f3\u017ce jachtem po \u015bwiecie","description":"Zapraszamy do wsp\u00f3lnego \u017ceglowania","publisher":{"@id":"https:\/\/pluskata.pl\/www\/#\/schema\/person\/15daea66397efafeded8883b67482cc0"},"potentialAction":[{"@type":"SearchAction","target":{"@type":"EntryPoint","urlTemplate":"https:\/\/pluskata.pl\/www\/?s={search_term_string}"},"query-input":{"@type":"PropertyValueSpecification","valueRequired":true,"valueName":"search_term_string"}}],"inLanguage":"pl-PL"},{"@type":["Person","Organization"],"@id":"https:\/\/pluskata.pl\/www\/#\/schema\/person\/15daea66397efafeded8883b67482cc0","name":"Pluskata","image":{"@type":"ImageObject","inLanguage":"pl-PL","@id":"https:\/\/pluskata.pl\/www\/wp-content\/uploads\/2020\/12\/cropped-Logo-Pluskata_512.png","url":"https:\/\/pluskata.pl\/www\/wp-content\/uploads\/2020\/12\/cropped-Logo-Pluskata_512.png","contentUrl":"https:\/\/pluskata.pl\/www\/wp-content\/uploads\/2020\/12\/cropped-Logo-Pluskata_512.png","width":512,"height":512,"caption":"Pluskata"},"logo":{"@id":"https:\/\/pluskata.pl\/www\/wp-content\/uploads\/2020\/12\/cropped-Logo-Pluskata_512.png"},"sameAs":["http:\/\/www.pluskata.pl","https:\/\/www.facebook.com\/pluskata"]}]}},"_links":{"self":[{"href":"https:\/\/pluskata.pl\/www\/wp-json\/wp\/v2\/pages\/156","targetHints":{"allow":["GET"]}}],"collection":[{"href":"https:\/\/pluskata.pl\/www\/wp-json\/wp\/v2\/pages"}],"about":[{"href":"https:\/\/pluskata.pl\/www\/wp-json\/wp\/v2\/types\/page"}],"author":[{"embeddable":true,"href":"https:\/\/pluskata.pl\/www\/wp-json\/wp\/v2\/users\/1"}],"replies":[{"embeddable":true,"href":"https:\/\/pluskata.pl\/www\/wp-json\/wp\/v2\/comments?post=156"}],"version-history":[{"count":0,"href":"https:\/\/pluskata.pl\/www\/wp-json\/wp\/v2\/pages\/156\/revisions"}],"wp:attachment":[{"href":"https:\/\/pluskata.pl\/www\/wp-json\/wp\/v2\/media?parent=156"}],"curies":[{"name":"wp","href":"https:\/\/api.w.org\/{rel}","templated":true}]}}