{"id":153,"date":"2016-12-26T20:47:20","date_gmt":"2016-12-26T19:47:20","guid":{"rendered":"http:\/\/pluskata.pl\/private\/wp\/?page_id=153"},"modified":"2021-09-15T09:34:45","modified_gmt":"2021-09-15T07:34:45","slug":"co-zabrac-na-rejs","status":"publish","type":"page","link":"https:\/\/pluskata.pl\/www\/pl\/informacje\/co-zabrac-na-rejs\/","title":{"rendered":"Co zabra\u0107 na rejs"},"content":{"rendered":"<p><strong><img loading=\"lazy\" decoding=\"async\" class=\"wp-image-1218 size-medium alignleft\" src=\"https:\/\/pluskata.pl\/www\/wp-content\/uploads\/2016\/12\/Pakowanie-300x196.jpg\" alt=\"\" width=\"300\" height=\"196\" srcset=\"https:\/\/pluskata.pl\/www\/wp-content\/uploads\/2016\/12\/Pakowanie-300x196.jpg 300w, https:\/\/pluskata.pl\/www\/wp-content\/uploads\/2016\/12\/Pakowanie-768x502.jpg 768w, https:\/\/pluskata.pl\/www\/wp-content\/uploads\/2016\/12\/Pakowanie-1024x670.jpg 1024w, https:\/\/pluskata.pl\/www\/wp-content\/uploads\/2016\/12\/Pakowanie-229x150.jpg 229w, https:\/\/pluskata.pl\/www\/wp-content\/uploads\/2016\/12\/Pakowanie-150x98.jpg 150w\" sizes=\"auto, (max-width: 300px) 100vw, 300px\" \/>Spos\u00f3b pakowania:<\/strong><\/p>\n<p>Na jachcie jest du\u017co ma\u0142ych schowk\u00f3w (bakisty, jask\u00f3\u0142ki i p\u00f3\u0142ki), w kt\u00f3rych zmie\u015bcisz wszystkie swoje rzeczy, ale nie zmie\u015bci si\u0119 walizka ani plecak ze stela\u017cem\u00a0 dlatego rzeczy nale\u017cy zapakowa\u0107 w mi\u0119kk\u0105 torb\u0119 lub plecak, kt\u00f3re po opr\u00f3\u017cnieniu mo\u017cna \u0142atwo z\u0142o\u017cy\u0107 i po\u0142o\u017cy\u0107 na dnie bakisty.<\/p>\n<p><strong>Rzeczy do zabrania:<\/strong><\/p>\n<p><em><strong>Ubrania:<\/strong><\/em><\/p>\n<p>\u21d2 Sztormiak \u2013 kurtka i spodnie. Je\u017celi kto\u015b nie ma sztormiaka to zast\u0119pczo mo\u017ce by\u0107 nieprzemakalna kurtka z klejonymi szwami i nieprzemakalne spodnie oraz co\u015b ciep\u0142ego pod sp\u00f3d<br \/>\n\u21d2 Ciep\u0142a bluza\/polar\/sweter\/softshell, odzie\u017c termoaktywna<br \/>\n\u21d2 D\u0142ugie spodnie \u2013 co najmniej 2 pary<br \/>\n\u21d2 Kr\u00f3tkie spodenki<br \/>\n\u21d2 Bielizna, skarpetki, pi\u017cama<br \/>\n\u21d2 Letnie bluzki<br \/>\n\u21d2 Ciep\u0142a czapka<br \/>\n\u21d2 Czapka letnia z daszkiem<br \/>\n\u21d2 Buty \u2013 zakryte na mi\u0119kkiej, jasnej podeszwie do chodzenia po jachcie, klapki, sanda\u0142y, kalosze (na Ba\u0142tyk niezb\u0119dne)<br \/>\n\u21d2 R\u0119kawiczki (najlepiej ciep\u0142e, mog\u0105 by\u0107 dodatkowo robocze, \u017ceglarskie)<br \/>\n\u21d2 Str\u00f3j k\u0105pielowy<\/p>\n<p><em><strong>Kosmetyki i lekarstwa:<\/strong><\/em><\/p>\n<p>\u21d2 Kremy przeciws\u0142oneczne z du\u017cym filtrem (np. 50)<br \/>\n\u21d2 Pomadka do ust z filtrem UV<br \/>\n\u21d2 Myd\u0142o w p\u0142ynie (myd\u0142o w kostce nie pieni si\u0119 w s\u0142onej wodzie)<br \/>\n\u21d2 Przybory do mycia<br \/>\n\u21d2 R\u0119cznik a najlepiej dwa<br \/>\n\u21d2 Lekarstwa i \u015brodki opatrunkowe (na wyposa\u017ceniu jachtu zawsze jest apteczka, ale tylko ze \u015brodkami opatrunkowymi, swoje lekarstwa bezwzgl\u0119dnie trzeba zabra\u0107 ze sob\u0105!)<br \/>\n\u21d2 Leki, kt\u00f3re musimy za\u017cywa\u0107 sami regularnie. <span style=\"color: #800000;\"><strong>O tym fakcie powinno si\u0119 poinformowa\u0107 kapitana przed rejsem.<\/strong><\/span><br \/>\n\u21d2 Okulary przeciws\u0142oneczne &#8211; koniecznie z filtrem UV<\/p>\n<p><em><strong>Dokumenty:<\/strong><\/em><\/p>\n<p>\u21d2 Paszport \u2013 przed wyjazdem nale\u017cy si\u0119 upewni\u0107, czy dokument jest w dobrym stanie technicznym i pozwala na stwierdzenie to\u017csamo\u015bci jego w\u0142a\u015bciciela. Paszport lub dow\u00f3d powinien by\u0107 wa\u017cny minimum 6 miesi\u0119cy d\u0142u\u017cej ni\u017c planowany okres pobytu. W przypadku rejs\u00f3w do kraj\u00f3w b\u0119d\u0105cych w UE wystarczy dow\u00f3d osobisty, ale trzeba si\u0119 upewni\u0107 przed wyjazdem.<br \/>\n\u21d2 Ksero strony paszportu lub dowodu osobistego ze zdj\u0119ciem<br \/>\n\u21d2 Uprawnienia \u017ceglarskie dla os\u00f3b, kt\u00f3re takie uprawnienia posiadaj\u0105<br \/>\n\u21d2 Ksi\u0105\u017ceczka \u017ceglarska (opcjonalna)<br \/>\n\u21d2 Inne posiadane certyfikaty (np. SRC, VHF, nurkowe) (opcjonalne)<br \/>\n\u21d2 Karty zni\u017ckowe (np. EURO 26), legitymacja studencka (opcjonalnie)<br \/>\n\u21d2 Indywidualne ubezpieczenie od koszt\u00f3w leczenia za granic\u0105 na czas rejsu<\/p>\n<p><span lang=\"pl-PL\">Na jachcie ka\u017cdy jest ubezpieczony w ramach ubezpieczenia jachtu od nieszcz\u0119\u015bliwych wypadk\u00f3w, ale gdy z niego zejdziemy, ubezpieczenie przestaje obowi\u0105zywa\u0107. Z tego powodu warto si\u0119 ubezpieczy\u0107.<\/span><\/p>\n<p><em><strong>Pieni\u0105dze:<\/strong><\/em><\/p>\n<p>\u21d2<span lang=\"pl-PL\">Nale\u017cy sprawdzi\u0107 walut\u0119 kraju, do kt\u00f3rego si\u0119 wybieramy, a tak\u017ce walut\u0119, kt\u00f3r\u0105 zabieramy z Polski, je\u015bli konieczny b\u0119dzie zakup lokalnej waluty (do ustalenia z kapitanem).<\/span><br \/>\n\u21d2 Pieni\u0105dze przeznaczone jako <span lang=\"pl-PL\">wk\u0142ad<\/span> do kasy wsp\u00f3lnej<br \/>\n\u21d2 Pieni\u0105dze na atrakcje turystyczne, ew. posi\u0142ki w lokalnych restauracyjkach, pami\u0105tki, przejazdy<br \/>\n\u21d2 Karta p\u0142atnicza (przydaje si\u0119, ale warto sprawdzi\u0107 przed wyjazdem ile zap\u0142acimy za przewalutowania i jakie prowizje pobierze nasz bank za p\u0142atno\u015bci zagraniczne i pobranie got\u00f3wki z bankomatu)<\/p>\n<p><em><strong>Rzeczy do spania:<\/strong><\/em><\/p>\n<p>\u21d2 Koniecznie \u015bpiw\u00f3r (na rejsy wiosenne i jesienne po Ba\u0142tyku gruby \u015bpiw\u00f3r, na rejsy letnie mo\u017ce by\u0107 l\u017cejszy)<br \/>\n\u21d2 Dodatkowo mo\u017ce przyda\u0107 si\u0119 prze\u015bcierad\u0142o i ma\u0142a poduszka.<\/p>\n<p><strong><em>Telefon, aparat i inna elektronika:<\/em><\/strong><\/p>\n<p>\u21d2 Telefon kom\u00f3rkowy najlepiej w wodoszczelnym etui (przed wyjazdem za granic\u0119, warto sprawdzi\u0107, czy u naszego operatora mamy w\u0142\u0105czony roaming, a tak\u017ce wysoko\u015b\u0107 op\u0142at za po\u0142\u0105czenia przychodz\u0105ce, wychodz\u0105ce oraz SMS-y)<br \/>\n\u21d2 Aparat fotograficzny (opcjonalnie)<br \/>\n\u21d2 \u0141adowarki do telefon\u00f3w kom\u00f3rkowych i aparat\u00f3w<br \/>\n\u21d2 Zapasowe baterie, je\u015bli s\u0105 potrzebne<\/p>\n<p><em><strong>Inne:<\/strong><\/em><\/p>\n<p>\u21d2 sznureczki do okular\u00f3w<br \/>\n\u21d2 Zapasowa para okular\u00f3w korekcyjnych dla os\u00f3b kt\u00f3re ich potrzebuj\u0105 (r\u00f3wnie\u017c je\u017celi nosisz soczewki kontaktowe)<\/p>\n<p><em><strong>Przydatny sprz\u0119t (opcjonalnie):<\/strong><\/em><\/p>\n<p>\u21d2 ABC nurkowania \/ snoorklowania (maska, p\u0142etwy, buty do k\u0105pieli, okularki p\u0142ywackie) &#8211; dotyczy rejs\u00f3w na ciep\u0142e morza &#8211; na Ba\u0142tyku raczej si\u0119 nie przydadz\u0105<br \/>\n\u21d2 Przewodniki, ksi\u0105\u017cki do czytania<br \/>\n\u21d2 \u015apiewniki z piosenk\u0105 \u017ceglarsk\u0105, turystyczn\u0105<br \/>\n\u21d2 Gitara, flet, drumle i inne instrumenty umilaj\u0105ce wsp\u00f3lne biesiadowanie<br \/>\n\u21d2 Latarka (najlepiej czo\u0142\u00f3wka)<br \/>\n\u21d2 Scyzoryk<br \/>\n\u21d2 Torebki ze strunk\u0105 (r\u00f3\u017cne rozmiary)<br \/>\n\u21d2 Ma\u0142y plecak na wycieczki<\/p>\n<p><em><strong>Jedzenie, wyposa\u017cenie kuchenne:<\/strong><\/em><br \/>\nNa jachcie znajduje si\u0119 pe\u0142ne wyposa\u017cenie kuchenne (talerze, kubki, sztu\u0107ce, garnki, patelnia, czajnik itp.) &#8211; nie ma potrzeby zabiera\u0107 ze sob\u0105 tych rzeczy.<br \/>\nNie przywozimy produkt\u00f3w \u017cywno\u015bciowych z kraju (chyba, \u017ce wcze\u015bniej uzgodnimy to z kapitanem). Na miejscu kupowane s\u0105 \u015bwie\u017ce produkty.<br \/>\nW przypadku specjalnych preferencji \u017cywieniowych (np. uczulenia na jakie\u015b potrawy, nie lubienia konkretnych rzeczy) nale\u017cy o tym poinformowa\u0107 kapitana przed rejsem<\/p>\n<p><em><strong>Obowi\u0105zkowo:<\/strong><\/em><br \/>\n\u21d2 Dobry humor<br \/>\n\u21d2 Pozytywne nastawienie<\/p>\n<p>Oczywi\u015bcie ca\u0142a lista to tylko sugestie i dobre rady. Ka\u017cdy ma inne potrzeby i przyzwyczajenia i na rejs zabiera inny zestaw rzeczy.<\/p>\n","protected":false},"excerpt":{"rendered":"<p>Spos\u00f3b pakowania: Na jachcie jest du\u017co ma\u0142ych schowk\u00f3w (bakisty, jask\u00f3\u0142ki i p\u00f3\u0142ki), w kt\u00f3rych zmie\u015bcisz wszystkie swoje rzeczy, ale nie zmie\u015bci si\u0119 walizka ani plecak ze stela\u017cem\u00a0 dlatego rzeczy nale\u017cy zapakowa\u0107 w mi\u0119kk\u0105 torb\u0119 lub plecak, kt\u00f3re po opr\u00f3\u017cnieniu mo\u017cna \u0142atwo z\u0142o\u017cy\u0107 i po\u0142o\u017cy\u0107 na dnie bakisty. Rzeczy do zabrania:\u2026<\/p>\n<p class=\"continue-reading-button\"> <a class=\"continue-reading-link\" href=\"https:\/\/pluskata.pl\/www\/pl\/informacje\/co-zabrac-na-rejs\/\">Czytaj dalej\/Continue reading<i class=\"crycon-right-dir\"><\/i><\/a><\/p>\n","protected":false},"author":1,"featured_media":0,"parent":58,"menu_order":34,"comment_status":"closed","ping_status":"closed","template":"templates\/template-onecolumn.php","meta":{"footnotes":""},"class_list":["post-153","page","type-page","status-publish","hentry"],"yoast_head":"<!-- This site is optimized with the Yoast SEO plugin v27.5 - https:\/\/yoast.com\/product\/yoast-seo-wordpress\/ -->\n<title>Co zabra\u0107 na rejs - Podr\u00f3\u017ce jachtem po \u015bwiecie<\/title>\n<meta name=\"robots\" content=\"index, follow, max-snippet:-1, max-image-preview:large, max-video-preview:-1\" \/>\n<link rel=\"canonical\" href=\"https:\/\/pluskata.pl\/www\/pl\/informacje\/co-zabrac-na-rejs\/\" \/>\n<meta property=\"og:locale\" content=\"pl_PL\" \/>\n<meta property=\"og:type\" content=\"article\" \/>\n<meta property=\"og:title\" content=\"Co zabra\u0107 na rejs - Podr\u00f3\u017ce jachtem po \u015bwiecie\" \/>\n<meta property=\"og:description\" content=\"Spos\u00f3b pakowania: Na jachcie jest du\u017co ma\u0142ych schowk\u00f3w (bakisty, jask\u00f3\u0142ki i p\u00f3\u0142ki), w kt\u00f3rych zmie\u015bcisz wszystkie swoje rzeczy, ale nie zmie\u015bci si\u0119 walizka ani plecak ze stela\u017cem\u00a0 dlatego rzeczy nale\u017cy zapakowa\u0107 w mi\u0119kk\u0105 torb\u0119 lub plecak, kt\u00f3re po opr\u00f3\u017cnieniu mo\u017cna \u0142atwo z\u0142o\u017cy\u0107 i po\u0142o\u017cy\u0107 na dnie bakisty. Rzeczy do zabrania:\u2026 Czytaj dalej\/Continue reading\" \/>\n<meta property=\"og:url\" content=\"https:\/\/pluskata.pl\/www\/pl\/informacje\/co-zabrac-na-rejs\/\" \/>\n<meta property=\"og:site_name\" content=\"Podr\u00f3\u017ce jachtem po \u015bwiecie\" \/>\n<meta property=\"article:publisher\" content=\"https:\/\/www.facebook.com\/pluskata\" \/>\n<meta property=\"article:modified_time\" content=\"2021-09-15T07:34:45+00:00\" \/>\n<meta property=\"og:image\" content=\"https:\/\/pluskata.pl\/www\/wp-content\/uploads\/2016\/12\/Pakowanie-300x196.jpg\" \/>\n<meta name=\"twitter:card\" content=\"summary_large_image\" \/>\n<meta name=\"twitter:label1\" content=\"Szacowany czas czytania\" \/>\n\t<meta name=\"twitter:data1\" content=\"4 minuty\" \/>\n<script type=\"application\/ld+json\" class=\"yoast-schema-graph\">{\"@context\":\"https:\\\/\\\/schema.org\",\"@graph\":[{\"@type\":\"WebPage\",\"@id\":\"https:\\\/\\\/pluskata.pl\\\/www\\\/pl\\\/informacje\\\/co-zabrac-na-rejs\\\/\",\"url\":\"https:\\\/\\\/pluskata.pl\\\/www\\\/pl\\\/informacje\\\/co-zabrac-na-rejs\\\/\",\"name\":\"Co zabra\u0107 na rejs - Podr\u00f3\u017ce jachtem po \u015bwiecie\",\"isPartOf\":{\"@id\":\"https:\\\/\\\/pluskata.pl\\\/www\\\/#website\"},\"primaryImageOfPage\":{\"@id\":\"https:\\\/\\\/pluskata.pl\\\/www\\\/pl\\\/informacje\\\/co-zabrac-na-rejs\\\/#primaryimage\"},\"image\":{\"@id\":\"https:\\\/\\\/pluskata.pl\\\/www\\\/pl\\\/informacje\\\/co-zabrac-na-rejs\\\/#primaryimage\"},\"thumbnailUrl\":\"https:\\\/\\\/pluskata.pl\\\/www\\\/wp-content\\\/uploads\\\/2016\\\/12\\\/Pakowanie-300x196.jpg\",\"datePublished\":\"2016-12-26T19:47:20+00:00\",\"dateModified\":\"2021-09-15T07:34:45+00:00\",\"breadcrumb\":{\"@id\":\"https:\\\/\\\/pluskata.pl\\\/www\\\/pl\\\/informacje\\\/co-zabrac-na-rejs\\\/#breadcrumb\"},\"inLanguage\":\"pl-PL\",\"potentialAction\":[{\"@type\":\"ReadAction\",\"target\":[\"https:\\\/\\\/pluskata.pl\\\/www\\\/pl\\\/informacje\\\/co-zabrac-na-rejs\\\/\"]}]},{\"@type\":\"ImageObject\",\"inLanguage\":\"pl-PL\",\"@id\":\"https:\\\/\\\/pluskata.pl\\\/www\\\/pl\\\/informacje\\\/co-zabrac-na-rejs\\\/#primaryimage\",\"url\":\"https:\\\/\\\/pluskata.pl\\\/www\\\/wp-content\\\/uploads\\\/2016\\\/12\\\/Pakowanie.jpg\",\"contentUrl\":\"https:\\\/\\\/pluskata.pl\\\/www\\\/wp-content\\\/uploads\\\/2016\\\/12\\\/Pakowanie.jpg\",\"width\":2099,\"height\":1373},{\"@type\":\"BreadcrumbList\",\"@id\":\"https:\\\/\\\/pluskata.pl\\\/www\\\/pl\\\/informacje\\\/co-zabrac-na-rejs\\\/#breadcrumb\",\"itemListElement\":[{\"@type\":\"ListItem\",\"position\":1,\"name\":\"Strona g\u0142\u00f3wna\",\"item\":\"https:\\\/\\\/pluskata.pl\\\/www\\\/pl\\\/aktualnosci\\\/\"},{\"@type\":\"ListItem\",\"position\":2,\"name\":\"Informacje\",\"item\":\"https:\\\/\\\/pluskata.pl\\\/www\\\/pl\\\/informacje\\\/\"},{\"@type\":\"ListItem\",\"position\":3,\"name\":\"Co zabra\u0107 na rejs\"}]},{\"@type\":\"WebSite\",\"@id\":\"https:\\\/\\\/pluskata.pl\\\/www\\\/#website\",\"url\":\"https:\\\/\\\/pluskata.pl\\\/www\\\/\",\"name\":\"Podr\u00f3\u017ce jachtem po \u015bwiecie\",\"description\":\"Zapraszamy do wsp\u00f3lnego \u017ceglowania\",\"publisher\":{\"@id\":\"https:\\\/\\\/pluskata.pl\\\/www\\\/#\\\/schema\\\/person\\\/15daea66397efafeded8883b67482cc0\"},\"potentialAction\":[{\"@type\":\"SearchAction\",\"target\":{\"@type\":\"EntryPoint\",\"urlTemplate\":\"https:\\\/\\\/pluskata.pl\\\/www\\\/?s={search_term_string}\"},\"query-input\":{\"@type\":\"PropertyValueSpecification\",\"valueRequired\":true,\"valueName\":\"search_term_string\"}}],\"inLanguage\":\"pl-PL\"},{\"@type\":[\"Person\",\"Organization\"],\"@id\":\"https:\\\/\\\/pluskata.pl\\\/www\\\/#\\\/schema\\\/person\\\/15daea66397efafeded8883b67482cc0\",\"name\":\"Pluskata\",\"image\":{\"@type\":\"ImageObject\",\"inLanguage\":\"pl-PL\",\"@id\":\"https:\\\/\\\/pluskata.pl\\\/www\\\/wp-content\\\/uploads\\\/2020\\\/12\\\/cropped-Logo-Pluskata_512.png\",\"url\":\"https:\\\/\\\/pluskata.pl\\\/www\\\/wp-content\\\/uploads\\\/2020\\\/12\\\/cropped-Logo-Pluskata_512.png\",\"contentUrl\":\"https:\\\/\\\/pluskata.pl\\\/www\\\/wp-content\\\/uploads\\\/2020\\\/12\\\/cropped-Logo-Pluskata_512.png\",\"width\":512,\"height\":512,\"caption\":\"Pluskata\"},\"logo\":{\"@id\":\"https:\\\/\\\/pluskata.pl\\\/www\\\/wp-content\\\/uploads\\\/2020\\\/12\\\/cropped-Logo-Pluskata_512.png\"},\"sameAs\":[\"http:\\\/\\\/www.pluskata.pl\",\"https:\\\/\\\/www.facebook.com\\\/pluskata\"]}]}<\/script>\n<!-- \/ Yoast SEO plugin. -->","yoast_head_json":{"title":"Co zabra\u0107 na rejs - Podr\u00f3\u017ce jachtem po \u015bwiecie","robots":{"index":"index","follow":"follow","max-snippet":"max-snippet:-1","max-image-preview":"max-image-preview:large","max-video-preview":"max-video-preview:-1"},"canonical":"https:\/\/pluskata.pl\/www\/pl\/informacje\/co-zabrac-na-rejs\/","og_locale":"pl_PL","og_type":"article","og_title":"Co zabra\u0107 na rejs - Podr\u00f3\u017ce jachtem po \u015bwiecie","og_description":"Spos\u00f3b pakowania: Na jachcie jest du\u017co ma\u0142ych schowk\u00f3w (bakisty, jask\u00f3\u0142ki i p\u00f3\u0142ki), w kt\u00f3rych zmie\u015bcisz wszystkie swoje rzeczy, ale nie zmie\u015bci si\u0119 walizka ani plecak ze stela\u017cem\u00a0 dlatego rzeczy nale\u017cy zapakowa\u0107 w mi\u0119kk\u0105 torb\u0119 lub plecak, kt\u00f3re po opr\u00f3\u017cnieniu mo\u017cna \u0142atwo z\u0142o\u017cy\u0107 i po\u0142o\u017cy\u0107 na dnie bakisty. Rzeczy do zabrania:\u2026 Czytaj dalej\/Continue reading","og_url":"https:\/\/pluskata.pl\/www\/pl\/informacje\/co-zabrac-na-rejs\/","og_site_name":"Podr\u00f3\u017ce jachtem po \u015bwiecie","article_publisher":"https:\/\/www.facebook.com\/pluskata","article_modified_time":"2021-09-15T07:34:45+00:00","og_image":[{"url":"https:\/\/pluskata.pl\/www\/wp-content\/uploads\/2016\/12\/Pakowanie-300x196.jpg","type":"","width":"","height":""}],"twitter_card":"summary_large_image","twitter_misc":{"Szacowany czas czytania":"4 minuty"},"schema":{"@context":"https:\/\/schema.org","@graph":[{"@type":"WebPage","@id":"https:\/\/pluskata.pl\/www\/pl\/informacje\/co-zabrac-na-rejs\/","url":"https:\/\/pluskata.pl\/www\/pl\/informacje\/co-zabrac-na-rejs\/","name":"Co zabra\u0107 na rejs - Podr\u00f3\u017ce jachtem po \u015bwiecie","isPartOf":{"@id":"https:\/\/pluskata.pl\/www\/#website"},"primaryImageOfPage":{"@id":"https:\/\/pluskata.pl\/www\/pl\/informacje\/co-zabrac-na-rejs\/#primaryimage"},"image":{"@id":"https:\/\/pluskata.pl\/www\/pl\/informacje\/co-zabrac-na-rejs\/#primaryimage"},"thumbnailUrl":"https:\/\/pluskata.pl\/www\/wp-content\/uploads\/2016\/12\/Pakowanie-300x196.jpg","datePublished":"2016-12-26T19:47:20+00:00","dateModified":"2021-09-15T07:34:45+00:00","breadcrumb":{"@id":"https:\/\/pluskata.pl\/www\/pl\/informacje\/co-zabrac-na-rejs\/#breadcrumb"},"inLanguage":"pl-PL","potentialAction":[{"@type":"ReadAction","target":["https:\/\/pluskata.pl\/www\/pl\/informacje\/co-zabrac-na-rejs\/"]}]},{"@type":"ImageObject","inLanguage":"pl-PL","@id":"https:\/\/pluskata.pl\/www\/pl\/informacje\/co-zabrac-na-rejs\/#primaryimage","url":"https:\/\/pluskata.pl\/www\/wp-content\/uploads\/2016\/12\/Pakowanie.jpg","contentUrl":"https:\/\/pluskata.pl\/www\/wp-content\/uploads\/2016\/12\/Pakowanie.jpg","width":2099,"height":1373},{"@type":"BreadcrumbList","@id":"https:\/\/pluskata.pl\/www\/pl\/informacje\/co-zabrac-na-rejs\/#breadcrumb","itemListElement":[{"@type":"ListItem","position":1,"name":"Strona g\u0142\u00f3wna","item":"https:\/\/pluskata.pl\/www\/pl\/aktualnosci\/"},{"@type":"ListItem","position":2,"name":"Informacje","item":"https:\/\/pluskata.pl\/www\/pl\/informacje\/"},{"@type":"ListItem","position":3,"name":"Co zabra\u0107 na rejs"}]},{"@type":"WebSite","@id":"https:\/\/pluskata.pl\/www\/#website","url":"https:\/\/pluskata.pl\/www\/","name":"Podr\u00f3\u017ce jachtem po \u015bwiecie","description":"Zapraszamy do wsp\u00f3lnego \u017ceglowania","publisher":{"@id":"https:\/\/pluskata.pl\/www\/#\/schema\/person\/15daea66397efafeded8883b67482cc0"},"potentialAction":[{"@type":"SearchAction","target":{"@type":"EntryPoint","urlTemplate":"https:\/\/pluskata.pl\/www\/?s={search_term_string}"},"query-input":{"@type":"PropertyValueSpecification","valueRequired":true,"valueName":"search_term_string"}}],"inLanguage":"pl-PL"},{"@type":["Person","Organization"],"@id":"https:\/\/pluskata.pl\/www\/#\/schema\/person\/15daea66397efafeded8883b67482cc0","name":"Pluskata","image":{"@type":"ImageObject","inLanguage":"pl-PL","@id":"https:\/\/pluskata.pl\/www\/wp-content\/uploads\/2020\/12\/cropped-Logo-Pluskata_512.png","url":"https:\/\/pluskata.pl\/www\/wp-content\/uploads\/2020\/12\/cropped-Logo-Pluskata_512.png","contentUrl":"https:\/\/pluskata.pl\/www\/wp-content\/uploads\/2020\/12\/cropped-Logo-Pluskata_512.png","width":512,"height":512,"caption":"Pluskata"},"logo":{"@id":"https:\/\/pluskata.pl\/www\/wp-content\/uploads\/2020\/12\/cropped-Logo-Pluskata_512.png"},"sameAs":["http:\/\/www.pluskata.pl","https:\/\/www.facebook.com\/pluskata"]}]}},"_links":{"self":[{"href":"https:\/\/pluskata.pl\/www\/wp-json\/wp\/v2\/pages\/153","targetHints":{"allow":["GET"]}}],"collection":[{"href":"https:\/\/pluskata.pl\/www\/wp-json\/wp\/v2\/pages"}],"about":[{"href":"https:\/\/pluskata.pl\/www\/wp-json\/wp\/v2\/types\/page"}],"author":[{"embeddable":true,"href":"https:\/\/pluskata.pl\/www\/wp-json\/wp\/v2\/users\/1"}],"replies":[{"embeddable":true,"href":"https:\/\/pluskata.pl\/www\/wp-json\/wp\/v2\/comments?post=153"}],"version-history":[{"count":0,"href":"https:\/\/pluskata.pl\/www\/wp-json\/wp\/v2\/pages\/153\/revisions"}],"up":[{"embeddable":true,"href":"https:\/\/pluskata.pl\/www\/wp-json\/wp\/v2\/pages\/58"}],"wp:attachment":[{"href":"https:\/\/pluskata.pl\/www\/wp-json\/wp\/v2\/media?parent=153"}],"curies":[{"name":"wp","href":"https:\/\/api.w.org\/{rel}","templated":true}]}}