{"id":106,"date":"2016-12-26T15:43:23","date_gmt":"2016-12-26T14:43:23","guid":{"rendered":"http:\/\/pluskata.pl\/private\/wp\/?page_id=106"},"modified":"2026-01-17T23:20:17","modified_gmt":"2026-01-17T22:20:17","slug":"relacje-z-rejsow","status":"publish","type":"page","link":"https:\/\/pluskata.pl\/www\/pl\/relacje-z-rejsow\/","title":{"rendered":"Relacje z rejs\u00f3w"},"content":{"rendered":"<div id=\"attachment_6401\" style=\"width: 310px\" class=\"wp-caption alignnone\"><a href=\"https:\/\/pluskata.pl\/www\/pl\/rejsy-2026\/\"><img loading=\"lazy\" decoding=\"async\" aria-describedby=\"caption-attachment-6401\" class=\"wp-image-6401 size-medium\" src=\"https:\/\/pluskata.pl\/www\/wp-content\/uploads\/2026\/01\/Panama-Galapagos-300x259.jpg\" alt=\"Rejsy 2026\" width=\"300\" height=\"259\" srcset=\"https:\/\/pluskata.pl\/www\/wp-content\/uploads\/2026\/01\/Panama-Galapagos-300x259.jpg 300w, https:\/\/pluskata.pl\/www\/wp-content\/uploads\/2026\/01\/Panama-Galapagos-1024x885.jpg 1024w, https:\/\/pluskata.pl\/www\/wp-content\/uploads\/2026\/01\/Panama-Galapagos-768x664.jpg 768w, https:\/\/pluskata.pl\/www\/wp-content\/uploads\/2026\/01\/Panama-Galapagos-1536x1328.jpg 1536w, https:\/\/pluskata.pl\/www\/wp-content\/uploads\/2026\/01\/Panama-Galapagos-2048x1770.jpg 2048w, https:\/\/pluskata.pl\/www\/wp-content\/uploads\/2026\/01\/Panama-Galapagos-150x130.jpg 150w\" sizes=\"auto, (max-width: 300px) 100vw, 300px\" \/><\/a><p id=\"caption-attachment-6401\" class=\"wp-caption-text\">Rejsy 2026<\/p><\/div>\n<div id=\"attachment_6388\" style=\"width: 310px\" class=\"wp-caption alignnone\"><a href=\"https:\/\/pluskata.pl\/www\/pl\/rejsy-2026\/\"><img loading=\"lazy\" decoding=\"async\" aria-describedby=\"caption-attachment-6388\" class=\"wp-image-6388 size-medium\" src=\"https:\/\/pluskata.pl\/www\/wp-content\/uploads\/2026\/01\/Trasa-2025_10-300x155.png\" alt=\"Rejsy 2025\" width=\"300\" height=\"155\" srcset=\"https:\/\/pluskata.pl\/www\/wp-content\/uploads\/2026\/01\/Trasa-2025_10-300x155.png 300w, https:\/\/pluskata.pl\/www\/wp-content\/uploads\/2026\/01\/Trasa-2025_10-1024x529.png 1024w, https:\/\/pluskata.pl\/www\/wp-content\/uploads\/2026\/01\/Trasa-2025_10-768x397.png 768w, https:\/\/pluskata.pl\/www\/wp-content\/uploads\/2026\/01\/Trasa-2025_10-1536x793.png 1536w, https:\/\/pluskata.pl\/www\/wp-content\/uploads\/2026\/01\/Trasa-2025_10-150x77.png 150w, https:\/\/pluskata.pl\/www\/wp-content\/uploads\/2026\/01\/Trasa-2025_10.png 1671w\" sizes=\"auto, (max-width: 300px) 100vw, 300px\" \/><\/a><p id=\"caption-attachment-6388\" class=\"wp-caption-text\">Rejsy 2025<\/p><\/div>\n<div id=\"attachment_5335\" style=\"width: 310px\" class=\"wp-caption alignnone\"><a href=\"https:\/\/pluskata.pl\/www\/pl\/rejsy-2024\/\"><img loading=\"lazy\" decoding=\"async\" aria-describedby=\"caption-attachment-5335\" class=\"wp-image-5335 size-medium\" src=\"https:\/\/pluskata.pl\/www\/wp-content\/uploads\/2024\/07\/Trasa-2024_9-300x221.jpg\" alt=\"Rejsy 2024\" width=\"300\" height=\"221\" srcset=\"https:\/\/pluskata.pl\/www\/wp-content\/uploads\/2024\/07\/Trasa-2024_9-300x221.jpg 300w, https:\/\/pluskata.pl\/www\/wp-content\/uploads\/2024\/07\/Trasa-2024_9-1024x755.jpg 1024w, https:\/\/pluskata.pl\/www\/wp-content\/uploads\/2024\/07\/Trasa-2024_9-768x566.jpg 768w, https:\/\/pluskata.pl\/www\/wp-content\/uploads\/2024\/07\/Trasa-2024_9-1536x1133.jpg 1536w, https:\/\/pluskata.pl\/www\/wp-content\/uploads\/2024\/07\/Trasa-2024_9-2048x1510.jpg 2048w, https:\/\/pluskata.pl\/www\/wp-content\/uploads\/2024\/07\/Trasa-2024_9-150x111.jpg 150w\" sizes=\"auto, (max-width: 300px) 100vw, 300px\" \/><\/a><p id=\"caption-attachment-5335\" class=\"wp-caption-text\">Rejsy 2024<\/p><\/div>\n<div id=\"attachment_4611\" style=\"width: 310px\" class=\"wp-caption alignnone\"><a href=\"https:\/\/pluskata.pl\/www\/pl\/rejsy-2023\/\"><img loading=\"lazy\" decoding=\"async\" aria-describedby=\"caption-attachment-4611\" class=\"wp-image-4611 size-medium\" src=\"https:\/\/pluskata.pl\/www\/wp-content\/uploads\/2023\/12\/Trasa-2023_12c-300x163.jpg\" alt=\"Rejsy 2023\" width=\"300\" height=\"163\" srcset=\"https:\/\/pluskata.pl\/www\/wp-content\/uploads\/2023\/12\/Trasa-2023_12c-300x163.jpg 300w, https:\/\/pluskata.pl\/www\/wp-content\/uploads\/2023\/12\/Trasa-2023_12c-1024x557.jpg 1024w, https:\/\/pluskata.pl\/www\/wp-content\/uploads\/2023\/12\/Trasa-2023_12c-768x418.jpg 768w, https:\/\/pluskata.pl\/www\/wp-content\/uploads\/2023\/12\/Trasa-2023_12c-1536x835.jpg 1536w, https:\/\/pluskata.pl\/www\/wp-content\/uploads\/2023\/12\/Trasa-2023_12c-150x82.jpg 150w, https:\/\/pluskata.pl\/www\/wp-content\/uploads\/2023\/12\/Trasa-2023_12c.jpg 1920w\" sizes=\"auto, (max-width: 300px) 100vw, 300px\" \/><\/a><p id=\"caption-attachment-4611\" class=\"wp-caption-text\">Rejsy 2023<\/p><\/div>\n<div id=\"attachment_3429\" style=\"width: 310px\" class=\"wp-caption alignnone\"><a href=\"https:\/\/pluskata.pl\/www\/pl\/rejsy-2022\/\"><img loading=\"lazy\" decoding=\"async\" aria-describedby=\"caption-attachment-3429\" class=\"wp-image-3429 size-medium\" src=\"https:\/\/pluskata.pl\/www\/wp-content\/uploads\/2022\/12\/Trasy-2022_14-300x248.jpg\" alt=\"Rejsy 2022\" width=\"300\" height=\"248\" srcset=\"https:\/\/pluskata.pl\/www\/wp-content\/uploads\/2022\/12\/Trasy-2022_14-300x248.jpg 300w, https:\/\/pluskata.pl\/www\/wp-content\/uploads\/2022\/12\/Trasy-2022_14-1024x845.jpg 1024w, https:\/\/pluskata.pl\/www\/wp-content\/uploads\/2022\/12\/Trasy-2022_14-768x634.jpg 768w, https:\/\/pluskata.pl\/www\/wp-content\/uploads\/2022\/12\/Trasy-2022_14-1536x1268.jpg 1536w, https:\/\/pluskata.pl\/www\/wp-content\/uploads\/2022\/12\/Trasy-2022_14-2048x1691.jpg 2048w, https:\/\/pluskata.pl\/www\/wp-content\/uploads\/2022\/12\/Trasy-2022_14-150x124.jpg 150w\" sizes=\"auto, (max-width: 300px) 100vw, 300px\" \/><\/a><p id=\"caption-attachment-3429\" class=\"wp-caption-text\">Rejsy 2022<\/p><\/div>\n<div id=\"attachment_1402\" style=\"width: 307px\" class=\"wp-caption alignnone\"><a href=\"https:\/\/pluskata.pl\/www\/pl\/rejsy-2021\/\"><img loading=\"lazy\" decoding=\"async\" aria-describedby=\"caption-attachment-1402\" class=\"wp-image-1402 size-medium\" src=\"https:\/\/pluskata.pl\/www\/wp-content\/uploads\/2021\/10\/Trasa-2021-297x300.png\" alt=\"Rejsy 2021\" width=\"297\" height=\"300\" srcset=\"https:\/\/pluskata.pl\/www\/wp-content\/uploads\/2021\/10\/Trasa-2021-297x300.png 297w, https:\/\/pluskata.pl\/www\/wp-content\/uploads\/2021\/10\/Trasa-2021-148x150.png 148w, https:\/\/pluskata.pl\/www\/wp-content\/uploads\/2021\/10\/Trasa-2021.png 528w\" sizes=\"auto, (max-width: 297px) 100vw, 297px\" \/><\/a><p id=\"caption-attachment-1402\" class=\"wp-caption-text\">Rejsy 2021<\/p><\/div>\n","protected":false},"excerpt":{"rendered":"<p class=\"continue-reading-button\"> <a class=\"continue-reading-link\" href=\"https:\/\/pluskata.pl\/www\/pl\/relacje-z-rejsow\/\">Czytaj dalej\/Continue reading<i class=\"crycon-right-dir\"><\/i><\/a><\/p>\n","protected":false},"author":1,"featured_media":0,"parent":0,"menu_order":22,"comment_status":"closed","ping_status":"closed","template":"","meta":{"footnotes":""},"class_list":["post-106","page","type-page","status-publish","hentry"],"yoast_head":"<!-- This site is optimized with the Yoast SEO plugin v27.5 - https:\/\/yoast.com\/product\/yoast-seo-wordpress\/ -->\n<title>Relacje z rejs\u00f3w - Podr\u00f3\u017ce jachtem po \u015bwiecie<\/title>\n<meta name=\"robots\" content=\"index, follow, max-snippet:-1, max-image-preview:large, max-video-preview:-1\" \/>\n<link rel=\"canonical\" href=\"https:\/\/pluskata.pl\/www\/pl\/relacje-z-rejsow\/\" \/>\n<meta property=\"og:locale\" content=\"pl_PL\" \/>\n<meta property=\"og:type\" content=\"article\" \/>\n<meta property=\"og:title\" content=\"Relacje z rejs\u00f3w - Podr\u00f3\u017ce jachtem po \u015bwiecie\" \/>\n<meta property=\"og:description\" content=\"Czytaj dalej\/Continue reading\" \/>\n<meta property=\"og:url\" content=\"https:\/\/pluskata.pl\/www\/pl\/relacje-z-rejsow\/\" \/>\n<meta property=\"og:site_name\" content=\"Podr\u00f3\u017ce jachtem po \u015bwiecie\" \/>\n<meta property=\"article:publisher\" content=\"https:\/\/www.facebook.com\/pluskata\" \/>\n<meta property=\"article:modified_time\" content=\"2026-01-17T22:20:17+00:00\" \/>\n<meta property=\"og:image\" content=\"https:\/\/pluskata.pl\/www\/wp-content\/uploads\/2026\/01\/Panama-Galapagos-scaled.jpg\" \/>\n\t<meta property=\"og:image:width\" content=\"2560\" \/>\n\t<meta property=\"og:image:height\" content=\"2213\" \/>\n\t<meta property=\"og:image:type\" content=\"image\/jpeg\" \/>\n<meta name=\"twitter:card\" content=\"summary_large_image\" \/>\n<script type=\"application\/ld+json\" class=\"yoast-schema-graph\">{\"@context\":\"https:\\\/\\\/schema.org\",\"@graph\":[{\"@type\":\"WebPage\",\"@id\":\"https:\\\/\\\/pluskata.pl\\\/www\\\/pl\\\/relacje-z-rejsow\\\/\",\"url\":\"https:\\\/\\\/pluskata.pl\\\/www\\\/pl\\\/relacje-z-rejsow\\\/\",\"name\":\"Relacje z rejs\u00f3w - Podr\u00f3\u017ce jachtem po \u015bwiecie\",\"isPartOf\":{\"@id\":\"https:\\\/\\\/pluskata.pl\\\/www\\\/#website\"},\"primaryImageOfPage\":{\"@id\":\"https:\\\/\\\/pluskata.pl\\\/www\\\/pl\\\/relacje-z-rejsow\\\/#primaryimage\"},\"image\":{\"@id\":\"https:\\\/\\\/pluskata.pl\\\/www\\\/pl\\\/relacje-z-rejsow\\\/#primaryimage\"},\"thumbnailUrl\":\"https:\\\/\\\/pluskata.pl\\\/www\\\/wp-content\\\/uploads\\\/2026\\\/01\\\/Panama-Galapagos-300x259.jpg\",\"datePublished\":\"2016-12-26T14:43:23+00:00\",\"dateModified\":\"2026-01-17T22:20:17+00:00\",\"breadcrumb\":{\"@id\":\"https:\\\/\\\/pluskata.pl\\\/www\\\/pl\\\/relacje-z-rejsow\\\/#breadcrumb\"},\"inLanguage\":\"pl-PL\",\"potentialAction\":[{\"@type\":\"ReadAction\",\"target\":[\"https:\\\/\\\/pluskata.pl\\\/www\\\/pl\\\/relacje-z-rejsow\\\/\"]}]},{\"@type\":\"ImageObject\",\"inLanguage\":\"pl-PL\",\"@id\":\"https:\\\/\\\/pluskata.pl\\\/www\\\/pl\\\/relacje-z-rejsow\\\/#primaryimage\",\"url\":\"https:\\\/\\\/pluskata.pl\\\/www\\\/wp-content\\\/uploads\\\/2026\\\/01\\\/Panama-Galapagos-scaled.jpg\",\"contentUrl\":\"https:\\\/\\\/pluskata.pl\\\/www\\\/wp-content\\\/uploads\\\/2026\\\/01\\\/Panama-Galapagos-scaled.jpg\",\"width\":2560,\"height\":2213,\"caption\":\"Panama-Galapagos\"},{\"@type\":\"BreadcrumbList\",\"@id\":\"https:\\\/\\\/pluskata.pl\\\/www\\\/pl\\\/relacje-z-rejsow\\\/#breadcrumb\",\"itemListElement\":[{\"@type\":\"ListItem\",\"position\":1,\"name\":\"Strona g\u0142\u00f3wna\",\"item\":\"https:\\\/\\\/pluskata.pl\\\/www\\\/pl\\\/aktualnosci\\\/\"},{\"@type\":\"ListItem\",\"position\":2,\"name\":\"Relacje z rejs\u00f3w\"}]},{\"@type\":\"WebSite\",\"@id\":\"https:\\\/\\\/pluskata.pl\\\/www\\\/#website\",\"url\":\"https:\\\/\\\/pluskata.pl\\\/www\\\/\",\"name\":\"Podr\u00f3\u017ce jachtem po \u015bwiecie\",\"description\":\"Zapraszamy do wsp\u00f3lnego \u017ceglowania\",\"publisher\":{\"@id\":\"https:\\\/\\\/pluskata.pl\\\/www\\\/#\\\/schema\\\/person\\\/15daea66397efafeded8883b67482cc0\"},\"potentialAction\":[{\"@type\":\"SearchAction\",\"target\":{\"@type\":\"EntryPoint\",\"urlTemplate\":\"https:\\\/\\\/pluskata.pl\\\/www\\\/?s={search_term_string}\"},\"query-input\":{\"@type\":\"PropertyValueSpecification\",\"valueRequired\":true,\"valueName\":\"search_term_string\"}}],\"inLanguage\":\"pl-PL\"},{\"@type\":[\"Person\",\"Organization\"],\"@id\":\"https:\\\/\\\/pluskata.pl\\\/www\\\/#\\\/schema\\\/person\\\/15daea66397efafeded8883b67482cc0\",\"name\":\"Pluskata\",\"image\":{\"@type\":\"ImageObject\",\"inLanguage\":\"pl-PL\",\"@id\":\"https:\\\/\\\/pluskata.pl\\\/www\\\/wp-content\\\/uploads\\\/2020\\\/12\\\/cropped-Logo-Pluskata_512.png\",\"url\":\"https:\\\/\\\/pluskata.pl\\\/www\\\/wp-content\\\/uploads\\\/2020\\\/12\\\/cropped-Logo-Pluskata_512.png\",\"contentUrl\":\"https:\\\/\\\/pluskata.pl\\\/www\\\/wp-content\\\/uploads\\\/2020\\\/12\\\/cropped-Logo-Pluskata_512.png\",\"width\":512,\"height\":512,\"caption\":\"Pluskata\"},\"logo\":{\"@id\":\"https:\\\/\\\/pluskata.pl\\\/www\\\/wp-content\\\/uploads\\\/2020\\\/12\\\/cropped-Logo-Pluskata_512.png\"},\"sameAs\":[\"http:\\\/\\\/www.pluskata.pl\",\"https:\\\/\\\/www.facebook.com\\\/pluskata\"]}]}<\/script>\n<!-- \/ Yoast SEO plugin. -->","yoast_head_json":{"title":"Relacje z rejs\u00f3w - Podr\u00f3\u017ce jachtem po \u015bwiecie","robots":{"index":"index","follow":"follow","max-snippet":"max-snippet:-1","max-image-preview":"max-image-preview:large","max-video-preview":"max-video-preview:-1"},"canonical":"https:\/\/pluskata.pl\/www\/pl\/relacje-z-rejsow\/","og_locale":"pl_PL","og_type":"article","og_title":"Relacje z rejs\u00f3w - Podr\u00f3\u017ce jachtem po \u015bwiecie","og_description":"Czytaj dalej\/Continue reading","og_url":"https:\/\/pluskata.pl\/www\/pl\/relacje-z-rejsow\/","og_site_name":"Podr\u00f3\u017ce jachtem po \u015bwiecie","article_publisher":"https:\/\/www.facebook.com\/pluskata","article_modified_time":"2026-01-17T22:20:17+00:00","og_image":[{"width":2560,"height":2213,"url":"https:\/\/pluskata.pl\/www\/wp-content\/uploads\/2026\/01\/Panama-Galapagos-scaled.jpg","type":"image\/jpeg"}],"twitter_card":"summary_large_image","schema":{"@context":"https:\/\/schema.org","@graph":[{"@type":"WebPage","@id":"https:\/\/pluskata.pl\/www\/pl\/relacje-z-rejsow\/","url":"https:\/\/pluskata.pl\/www\/pl\/relacje-z-rejsow\/","name":"Relacje z rejs\u00f3w - Podr\u00f3\u017ce jachtem po \u015bwiecie","isPartOf":{"@id":"https:\/\/pluskata.pl\/www\/#website"},"primaryImageOfPage":{"@id":"https:\/\/pluskata.pl\/www\/pl\/relacje-z-rejsow\/#primaryimage"},"image":{"@id":"https:\/\/pluskata.pl\/www\/pl\/relacje-z-rejsow\/#primaryimage"},"thumbnailUrl":"https:\/\/pluskata.pl\/www\/wp-content\/uploads\/2026\/01\/Panama-Galapagos-300x259.jpg","datePublished":"2016-12-26T14:43:23+00:00","dateModified":"2026-01-17T22:20:17+00:00","breadcrumb":{"@id":"https:\/\/pluskata.pl\/www\/pl\/relacje-z-rejsow\/#breadcrumb"},"inLanguage":"pl-PL","potentialAction":[{"@type":"ReadAction","target":["https:\/\/pluskata.pl\/www\/pl\/relacje-z-rejsow\/"]}]},{"@type":"ImageObject","inLanguage":"pl-PL","@id":"https:\/\/pluskata.pl\/www\/pl\/relacje-z-rejsow\/#primaryimage","url":"https:\/\/pluskata.pl\/www\/wp-content\/uploads\/2026\/01\/Panama-Galapagos-scaled.jpg","contentUrl":"https:\/\/pluskata.pl\/www\/wp-content\/uploads\/2026\/01\/Panama-Galapagos-scaled.jpg","width":2560,"height":2213,"caption":"Panama-Galapagos"},{"@type":"BreadcrumbList","@id":"https:\/\/pluskata.pl\/www\/pl\/relacje-z-rejsow\/#breadcrumb","itemListElement":[{"@type":"ListItem","position":1,"name":"Strona g\u0142\u00f3wna","item":"https:\/\/pluskata.pl\/www\/pl\/aktualnosci\/"},{"@type":"ListItem","position":2,"name":"Relacje z rejs\u00f3w"}]},{"@type":"WebSite","@id":"https:\/\/pluskata.pl\/www\/#website","url":"https:\/\/pluskata.pl\/www\/","name":"Podr\u00f3\u017ce jachtem po \u015bwiecie","description":"Zapraszamy do wsp\u00f3lnego \u017ceglowania","publisher":{"@id":"https:\/\/pluskata.pl\/www\/#\/schema\/person\/15daea66397efafeded8883b67482cc0"},"potentialAction":[{"@type":"SearchAction","target":{"@type":"EntryPoint","urlTemplate":"https:\/\/pluskata.pl\/www\/?s={search_term_string}"},"query-input":{"@type":"PropertyValueSpecification","valueRequired":true,"valueName":"search_term_string"}}],"inLanguage":"pl-PL"},{"@type":["Person","Organization"],"@id":"https:\/\/pluskata.pl\/www\/#\/schema\/person\/15daea66397efafeded8883b67482cc0","name":"Pluskata","image":{"@type":"ImageObject","inLanguage":"pl-PL","@id":"https:\/\/pluskata.pl\/www\/wp-content\/uploads\/2020\/12\/cropped-Logo-Pluskata_512.png","url":"https:\/\/pluskata.pl\/www\/wp-content\/uploads\/2020\/12\/cropped-Logo-Pluskata_512.png","contentUrl":"https:\/\/pluskata.pl\/www\/wp-content\/uploads\/2020\/12\/cropped-Logo-Pluskata_512.png","width":512,"height":512,"caption":"Pluskata"},"logo":{"@id":"https:\/\/pluskata.pl\/www\/wp-content\/uploads\/2020\/12\/cropped-Logo-Pluskata_512.png"},"sameAs":["http:\/\/www.pluskata.pl","https:\/\/www.facebook.com\/pluskata"]}]}},"_links":{"self":[{"href":"https:\/\/pluskata.pl\/www\/wp-json\/wp\/v2\/pages\/106","targetHints":{"allow":["GET"]}}],"collection":[{"href":"https:\/\/pluskata.pl\/www\/wp-json\/wp\/v2\/pages"}],"about":[{"href":"https:\/\/pluskata.pl\/www\/wp-json\/wp\/v2\/types\/page"}],"author":[{"embeddable":true,"href":"https:\/\/pluskata.pl\/www\/wp-json\/wp\/v2\/users\/1"}],"replies":[{"embeddable":true,"href":"https:\/\/pluskata.pl\/www\/wp-json\/wp\/v2\/comments?post=106"}],"version-history":[{"count":5,"href":"https:\/\/pluskata.pl\/www\/wp-json\/wp\/v2\/pages\/106\/revisions"}],"predecessor-version":[{"id":6445,"href":"https:\/\/pluskata.pl\/www\/wp-json\/wp\/v2\/pages\/106\/revisions\/6445"}],"wp:attachment":[{"href":"https:\/\/pluskata.pl\/www\/wp-json\/wp\/v2\/media?parent=106"}],"curies":[{"name":"wp","href":"https:\/\/api.w.org\/{rel}","templated":true}]}}