{"id":1027,"date":"2021-08-26T15:57:52","date_gmt":"2021-08-26T13:57:52","guid":{"rendered":"https:\/\/pluskata.pl\/www\/?page_id=1027"},"modified":"2021-11-18T14:02:22","modified_gmt":"2021-11-18T13:02:22","slug":"rejsy-2021","status":"publish","type":"page","link":"https:\/\/pluskata.pl\/www\/pl\/rejsy-2021\/","title":{"rendered":"Rejsy 2021"},"content":{"rendered":"<div id=\"ccchildpages-1\" class=\"ccchildpages ccflex onecol simple ccclearfix\"><div class=\"ccchildpage  ccodd ccpage-count-1 ccpage-id-1084 ccpage-ze-swinoujscia-do-gorek-zachodnich-27-08-05-09-2021 ccpage-has-parent ccpage-pid-1027 ccpage-parent-rejsy-2021\"><h3 class=\"ccpage_title ccpage_linked_title\" title=\"Ze \u015awinouj\u015bcia do G\u00f3rek Zachodnich 27.08-05.09.2021\"><a class=\"ccpage_title_link\" href=\"https:\/\/pluskata.pl\/www\/pl\/rejsy-2021\/ze-swinoujscia-do-gorek-zachodnich-27-08-05-09-2021\/\" title=\"Ze \u015awinouj\u015bcia do G\u00f3rek Zachodnich 27.08-05.09.2021\">Ze \u015awinouj\u015bcia do G\u00f3rek Zachodnich 27.08-05.09.2021<\/a><\/h3><a class=\"ccpage_linked_thumb\" href=\"https:\/\/pluskata.pl\/www\/pl\/rejsy-2021\/ze-swinoujscia-do-gorek-zachodnich-27-08-05-09-2021\/\" title=\"Ze \u015awinouj\u015bcia do G\u00f3rek Zachodnich 27.08-05.09.2021\"><a href=\"https:\/\/pluskata.pl\/www\/pl\/rejsy-2021\/ze-swinoujscia-do-gorek-zachodnich-27-08-05-09-2021\/\" title=\"Ze \u015awinouj\u015bcia do G\u00f3rek Zachodnich 27.08-05.09.2021\"><img loading=\"lazy\" decoding=\"async\" width=\"300\" height=\"193\" src=\"https:\/\/pluskata.pl\/www\/wp-content\/uploads\/2021\/10\/Traza-Gdansk-300x193.png\" class=\"cc-child-pages-thumb wp-post-image\" alt=\"Ze \u015awinouj\u015bcia do G\u00f3rek Zachodnich 27.08-05.09.2021\" title=\"Ze \u015awinouj\u015bcia do G\u00f3rek Zachodnich 27.08-05.09.2021\" srcset=\"https:\/\/pluskata.pl\/www\/wp-content\/uploads\/2021\/10\/Traza-Gdansk-300x193.png 300w, https:\/\/pluskata.pl\/www\/wp-content\/uploads\/2021\/10\/Traza-Gdansk-1024x658.png 1024w, https:\/\/pluskata.pl\/www\/wp-content\/uploads\/2021\/10\/Traza-Gdansk-768x493.png 768w, https:\/\/pluskata.pl\/www\/wp-content\/uploads\/2021\/10\/Traza-Gdansk-150x96.png 150w, https:\/\/pluskata.pl\/www\/wp-content\/uploads\/2021\/10\/Traza-Gdansk.png 1048w\" sizes=\"auto, (max-width: 300px) 100vw, 300px\" \/><\/a><\/a><div class=\"ccpages_excerpt\">Trasa: \u015awinouj\u015bcie-Ko\u0142obrzeg-Hel-Gdynia-G\u00f3rki Zachodnie Termin: 27.08-05.09.2021 Mile\/godziny: 279Mm\/53 godziny 27-28.08.2021 \u015awinouj\u015bcie Po po\u0142udniu w pi\u0105tek robimy zakupy na 3 dni (w Biedronce i w Lidlu) i robimy kr\u00f3tkie przeszkolenie z obs\u0142ugi jachtu i...<\/div><p class=\"ccpages_more\"><a href=\"https:\/\/pluskata.pl\/www\/pl\/rejsy-2021\/ze-swinoujscia-do-gorek-zachodnich-27-08-05-09-2021\/\"  title=\"Wi\u0119cej...\">Wi\u0119cej...<\/a><\/p><\/div><div class=\"ccchildpage  cceven ccpage-count-2 ccpage-id-1076 ccpage-z-kopenhagi-do-swinoujscia-14-22-08-2021 ccpage-has-parent ccpage-pid-1027 ccpage-parent-rejsy-2021\"><h3 class=\"ccpage_title ccpage_linked_title\" title=\"Z Kopenhagi do \u015awinouj\u015bcia 14-22.08.2021\"><a class=\"ccpage_title_link\" href=\"https:\/\/pluskata.pl\/www\/pl\/rejsy-2021\/z-kopenhagi-do-swinoujscia-14-22-08-2021\/\" title=\"Z Kopenhagi do \u015awinouj\u015bcia 14-22.08.2021\">Z Kopenhagi do \u015awinouj\u015bcia 14-22.08.2021<\/a><\/h3><a class=\"ccpage_linked_thumb\" href=\"https:\/\/pluskata.pl\/www\/pl\/rejsy-2021\/z-kopenhagi-do-swinoujscia-14-22-08-2021\/\" title=\"Z Kopenhagi do \u015awinouj\u015bcia 14-22.08.2021\"><a href=\"https:\/\/pluskata.pl\/www\/pl\/rejsy-2021\/z-kopenhagi-do-swinoujscia-14-22-08-2021\/\" title=\"Z Kopenhagi do \u015awinouj\u015bcia 14-22.08.2021\"><img loading=\"lazy\" decoding=\"async\" width=\"241\" height=\"300\" src=\"https:\/\/pluskata.pl\/www\/wp-content\/uploads\/2021\/10\/Trasa-Swinoujscie-241x300.png\" class=\"cc-child-pages-thumb wp-post-image\" alt=\"Z Kopenhagi do \u015awinouj\u015bcia 14-22.08.2021\" title=\"Z Kopenhagi do \u015awinouj\u015bcia 14-22.08.2021\" srcset=\"https:\/\/pluskata.pl\/www\/wp-content\/uploads\/2021\/10\/Trasa-Swinoujscie-241x300.png 241w, https:\/\/pluskata.pl\/www\/wp-content\/uploads\/2021\/10\/Trasa-Swinoujscie-120x150.png 120w, https:\/\/pluskata.pl\/www\/wp-content\/uploads\/2021\/10\/Trasa-Swinoujscie.png 621w\" sizes=\"auto, (max-width: 241px) 100vw, 241px\" \/><\/a><\/a><div class=\"ccpages_excerpt\">Trasa: Kopenhaga-Helsingor-Klintholm-Sasnitz-\u015awinouj\u015bcie Termin: 14-22.08.2021 Mile\/godziny: 202Mm\/34 godziny 14-08-2021 Helsingor Wyp\u0142ywamy rano z Kopenhago \u2013 go\u015bcinnego portu Lynette i p\u00f3\u0142wiatrem p\u0142yniemy do Helsingor. \u00a0 \u00a0 \u00a0 W Heslingor zwiedzamy obowi\u0105zkowo zamek Hamleta \u2013...<\/div><p class=\"ccpages_more\"><a href=\"https:\/\/pluskata.pl\/www\/pl\/rejsy-2021\/z-kopenhagi-do-swinoujscia-14-22-08-2021\/\"  title=\"Wi\u0119cej...\">Wi\u0119cej...<\/a><\/p><\/div><div class=\"ccchildpage  ccodd ccpage-count-3 ccpage-id-1049 ccpage-do-kopenhagi-30-07-09-08-2021 ccpage-has-parent ccpage-pid-1027 ccpage-parent-rejsy-2021\"><h3 class=\"ccpage_title ccpage_linked_title\" title=\"Do Kopenhagi 30.07-09.08.2021\"><a class=\"ccpage_title_link\" href=\"https:\/\/pluskata.pl\/www\/pl\/rejsy-2021\/do-kopenhagi-30-07-09-08-2021\/\" title=\"Do Kopenhagi 30.07-09.08.2021\">Do Kopenhagi 30.07-09.08.2021<\/a><\/h3><a class=\"ccpage_linked_thumb\" href=\"https:\/\/pluskata.pl\/www\/pl\/rejsy-2021\/do-kopenhagi-30-07-09-08-2021\/\" title=\"Do Kopenhagi 30.07-09.08.2021\"><a href=\"https:\/\/pluskata.pl\/www\/pl\/rejsy-2021\/do-kopenhagi-30-07-09-08-2021\/\" title=\"Do Kopenhagi 30.07-09.08.2021\"><img loading=\"lazy\" decoding=\"async\" width=\"300\" height=\"144\" src=\"https:\/\/pluskata.pl\/www\/wp-content\/uploads\/2021\/10\/Trasa-Kopenhaga-300x144.png\" class=\"cc-child-pages-thumb wp-post-image\" alt=\"Do Kopenhagi 30.07-09.08.2021\" title=\"Do Kopenhagi 30.07-09.08.2021\" srcset=\"https:\/\/pluskata.pl\/www\/wp-content\/uploads\/2021\/10\/Trasa-Kopenhaga-300x144.png 300w, https:\/\/pluskata.pl\/www\/wp-content\/uploads\/2021\/10\/Trasa-Kopenhaga-768x368.png 768w, https:\/\/pluskata.pl\/www\/wp-content\/uploads\/2021\/10\/Trasa-Kopenhaga-150x72.png 150w, https:\/\/pluskata.pl\/www\/wp-content\/uploads\/2021\/10\/Trasa-Kopenhaga.png 811w\" sizes=\"auto, (max-width: 300px) 100vw, 300px\" \/><\/a><\/a><div class=\"ccpages_excerpt\">Trasa: G\u00f3rki Zachodnie-W\u0142adys\u0142awowo-\u0141eba-Svaneke-Ystad-Malmo-Kopenhaga Termin: 30.07-9.08.2021 Mile\/godziny: 308Mm\/64 godziny 31.07.2021 W\u0142adys\u0142awowo Wyp\u0142ywamy z G\u00f3rek Zachodnich po godzinie 10. P\u0142yniemy w kierunku W\u0142adys\u0142awowa, wieje ca\u0142kiem dobrze 14-18kn, ale niestety ze z\u0142ego kierunku, zupe\u0142nie tak,...<\/div><p class=\"ccpages_more\"><a href=\"https:\/\/pluskata.pl\/www\/pl\/rejsy-2021\/do-kopenhagi-30-07-09-08-2021\/\"  title=\"Wi\u0119cej...\">Wi\u0119cej...<\/a><\/p><\/div><div class=\"ccchildpage  cceven ccpage-count-4 ccpage-id-1006 ccpage-do-sztokholmu-i-z-powrotem-3-25-07-2021 ccpage-has-parent ccpage-pid-1027 ccpage-parent-rejsy-2021\"><h3 class=\"ccpage_title ccpage_linked_title\" title=\"Do Sztokholmu i z powrotem 3-25.07.2021\"><a class=\"ccpage_title_link\" href=\"https:\/\/pluskata.pl\/www\/pl\/rejsy-2021\/do-sztokholmu-i-z-powrotem-3-25-07-2021\/\" title=\"Do Sztokholmu i z powrotem 3-25.07.2021\">Do Sztokholmu i z powrotem 3-25.07.2021<\/a><\/h3><a class=\"ccpage_linked_thumb\" href=\"https:\/\/pluskata.pl\/www\/pl\/rejsy-2021\/do-sztokholmu-i-z-powrotem-3-25-07-2021\/\" title=\"Do Sztokholmu i z powrotem 3-25.07.2021\"><a href=\"https:\/\/pluskata.pl\/www\/pl\/rejsy-2021\/do-sztokholmu-i-z-powrotem-3-25-07-2021\/\" title=\"Do Sztokholmu i z powrotem 3-25.07.2021\"><img loading=\"lazy\" decoding=\"async\" width=\"110\" height=\"300\" src=\"https:\/\/pluskata.pl\/www\/wp-content\/uploads\/2021\/10\/Trasa-Sztokholm-110x300.png\" class=\"cc-child-pages-thumb wp-post-image\" alt=\"Do Sztokholmu i z powrotem 3-25.07.2021\" title=\"Do Sztokholmu i z powrotem 3-25.07.2021\" srcset=\"https:\/\/pluskata.pl\/www\/wp-content\/uploads\/2021\/10\/Trasa-Sztokholm-110x300.png 110w, https:\/\/pluskata.pl\/www\/wp-content\/uploads\/2021\/10\/Trasa-Sztokholm-376x1024.png 376w, https:\/\/pluskata.pl\/www\/wp-content\/uploads\/2021\/10\/Trasa-Sztokholm-55x150.png 55w, https:\/\/pluskata.pl\/www\/wp-content\/uploads\/2021\/10\/Trasa-Sztokholm.png 419w\" sizes=\"auto, (max-width: 110px) 100vw, 110px\" \/><\/a><\/a><div class=\"ccpages_excerpt\">Trasa: G\u00f3rki Zachodnie - Visby - F\u00e5r\u00f6sund - Sandhamn - Vaxholm - Sztokholm - Rastaholm -\u00a0 Mariefried - Skansholmen - Broken - Stegeborg - Fyrudden - Id\u00f6 - Byxelkrok - G\u00f3rki Zachodnie...<\/div><p class=\"ccpages_more\"><a href=\"https:\/\/pluskata.pl\/www\/pl\/rejsy-2021\/do-sztokholmu-i-z-powrotem-3-25-07-2021\/\"  title=\"Wi\u0119cej...\">Wi\u0119cej...<\/a><\/p><\/div><\/div>\n","protected":false},"excerpt":{"rendered":"<p class=\"continue-reading-button\"> <a class=\"continue-reading-link\" href=\"https:\/\/pluskata.pl\/www\/pl\/rejsy-2021\/do-sztokholmu-i-z-powrotem-3-25-07-2021\/\">Czytaj dalej\/Continue reading<i class=\"crycon-right-dir\"><\/i><\/a><\/p>\n","protected":false},"author":1,"featured_media":0,"parent":0,"menu_order":11,"comment_status":"closed","ping_status":"closed","template":"","meta":{"footnotes":""},"class_list":["post-1027","page","type-page","status-publish","hentry"],"yoast_head":"<!-- This site is optimized with the Yoast SEO plugin v27.4 - https:\/\/yoast.com\/product\/yoast-seo-wordpress\/ -->\n<title>Rejsy 2021 - Podr\u00f3\u017ce jachtem po \u015bwiecie<\/title>\n<meta name=\"robots\" content=\"index, follow, max-snippet:-1, max-image-preview:large, max-video-preview:-1\" \/>\n<link rel=\"canonical\" href=\"https:\/\/pluskata.pl\/www\/pl\/rejsy-2021\/\" \/>\n<meta property=\"og:locale\" content=\"pl_PL\" \/>\n<meta property=\"og:type\" content=\"article\" \/>\n<meta property=\"og:title\" content=\"Rejsy 2021 - Podr\u00f3\u017ce jachtem po \u015bwiecie\" \/>\n<meta property=\"og:description\" content=\"Czytaj dalej\/Continue reading\" \/>\n<meta property=\"og:url\" content=\"https:\/\/pluskata.pl\/www\/pl\/rejsy-2021\/\" \/>\n<meta property=\"og:site_name\" content=\"Podr\u00f3\u017ce jachtem po \u015bwiecie\" \/>\n<meta property=\"article:publisher\" content=\"https:\/\/www.facebook.com\/pluskata\" \/>\n<meta property=\"article:modified_time\" content=\"2021-11-18T13:02:22+00:00\" \/>\n<meta name=\"twitter:card\" content=\"summary_large_image\" \/>\n<script type=\"application\/ld+json\" class=\"yoast-schema-graph\">{\"@context\":\"https:\\\/\\\/schema.org\",\"@graph\":[{\"@type\":\"WebPage\",\"@id\":\"https:\\\/\\\/pluskata.pl\\\/www\\\/pl\\\/rejsy-2021\\\/\",\"url\":\"https:\\\/\\\/pluskata.pl\\\/www\\\/pl\\\/rejsy-2021\\\/\",\"name\":\"Rejsy 2021 - Podr\u00f3\u017ce jachtem po \u015bwiecie\",\"isPartOf\":{\"@id\":\"https:\\\/\\\/pluskata.pl\\\/www\\\/#website\"},\"datePublished\":\"2021-08-26T13:57:52+00:00\",\"dateModified\":\"2021-11-18T13:02:22+00:00\",\"breadcrumb\":{\"@id\":\"https:\\\/\\\/pluskata.pl\\\/www\\\/pl\\\/rejsy-2021\\\/#breadcrumb\"},\"inLanguage\":\"pl-PL\",\"potentialAction\":[{\"@type\":\"ReadAction\",\"target\":[\"https:\\\/\\\/pluskata.pl\\\/www\\\/pl\\\/rejsy-2021\\\/\"]}]},{\"@type\":\"BreadcrumbList\",\"@id\":\"https:\\\/\\\/pluskata.pl\\\/www\\\/pl\\\/rejsy-2021\\\/#breadcrumb\",\"itemListElement\":[{\"@type\":\"ListItem\",\"position\":1,\"name\":\"Strona g\u0142\u00f3wna\",\"item\":\"https:\\\/\\\/pluskata.pl\\\/www\\\/pl\\\/aktualnosci\\\/\"},{\"@type\":\"ListItem\",\"position\":2,\"name\":\"Rejsy 2021\"}]},{\"@type\":\"WebSite\",\"@id\":\"https:\\\/\\\/pluskata.pl\\\/www\\\/#website\",\"url\":\"https:\\\/\\\/pluskata.pl\\\/www\\\/\",\"name\":\"Podr\u00f3\u017ce jachtem po \u015bwiecie\",\"description\":\"Zapraszamy do wsp\u00f3lnego \u017ceglowania\",\"publisher\":{\"@id\":\"https:\\\/\\\/pluskata.pl\\\/www\\\/#\\\/schema\\\/person\\\/15daea66397efafeded8883b67482cc0\"},\"potentialAction\":[{\"@type\":\"SearchAction\",\"target\":{\"@type\":\"EntryPoint\",\"urlTemplate\":\"https:\\\/\\\/pluskata.pl\\\/www\\\/?s={search_term_string}\"},\"query-input\":{\"@type\":\"PropertyValueSpecification\",\"valueRequired\":true,\"valueName\":\"search_term_string\"}}],\"inLanguage\":\"pl-PL\"},{\"@type\":[\"Person\",\"Organization\"],\"@id\":\"https:\\\/\\\/pluskata.pl\\\/www\\\/#\\\/schema\\\/person\\\/15daea66397efafeded8883b67482cc0\",\"name\":\"Pluskata\",\"image\":{\"@type\":\"ImageObject\",\"inLanguage\":\"pl-PL\",\"@id\":\"https:\\\/\\\/pluskata.pl\\\/www\\\/wp-content\\\/uploads\\\/2020\\\/12\\\/cropped-Logo-Pluskata_512.png\",\"url\":\"https:\\\/\\\/pluskata.pl\\\/www\\\/wp-content\\\/uploads\\\/2020\\\/12\\\/cropped-Logo-Pluskata_512.png\",\"contentUrl\":\"https:\\\/\\\/pluskata.pl\\\/www\\\/wp-content\\\/uploads\\\/2020\\\/12\\\/cropped-Logo-Pluskata_512.png\",\"width\":512,\"height\":512,\"caption\":\"Pluskata\"},\"logo\":{\"@id\":\"https:\\\/\\\/pluskata.pl\\\/www\\\/wp-content\\\/uploads\\\/2020\\\/12\\\/cropped-Logo-Pluskata_512.png\"},\"sameAs\":[\"http:\\\/\\\/www.pluskata.pl\",\"https:\\\/\\\/www.facebook.com\\\/pluskata\"]}]}<\/script>\n<!-- \/ Yoast SEO plugin. -->","yoast_head_json":{"title":"Rejsy 2021 - Podr\u00f3\u017ce jachtem po \u015bwiecie","robots":{"index":"index","follow":"follow","max-snippet":"max-snippet:-1","max-image-preview":"max-image-preview:large","max-video-preview":"max-video-preview:-1"},"canonical":"https:\/\/pluskata.pl\/www\/pl\/rejsy-2021\/","og_locale":"pl_PL","og_type":"article","og_title":"Rejsy 2021 - Podr\u00f3\u017ce jachtem po \u015bwiecie","og_description":"Czytaj dalej\/Continue reading","og_url":"https:\/\/pluskata.pl\/www\/pl\/rejsy-2021\/","og_site_name":"Podr\u00f3\u017ce jachtem po \u015bwiecie","article_publisher":"https:\/\/www.facebook.com\/pluskata","article_modified_time":"2021-11-18T13:02:22+00:00","twitter_card":"summary_large_image","schema":{"@context":"https:\/\/schema.org","@graph":[{"@type":"WebPage","@id":"https:\/\/pluskata.pl\/www\/pl\/rejsy-2021\/","url":"https:\/\/pluskata.pl\/www\/pl\/rejsy-2021\/","name":"Rejsy 2021 - Podr\u00f3\u017ce jachtem po \u015bwiecie","isPartOf":{"@id":"https:\/\/pluskata.pl\/www\/#website"},"datePublished":"2021-08-26T13:57:52+00:00","dateModified":"2021-11-18T13:02:22+00:00","breadcrumb":{"@id":"https:\/\/pluskata.pl\/www\/pl\/rejsy-2021\/#breadcrumb"},"inLanguage":"pl-PL","potentialAction":[{"@type":"ReadAction","target":["https:\/\/pluskata.pl\/www\/pl\/rejsy-2021\/"]}]},{"@type":"BreadcrumbList","@id":"https:\/\/pluskata.pl\/www\/pl\/rejsy-2021\/#breadcrumb","itemListElement":[{"@type":"ListItem","position":1,"name":"Strona g\u0142\u00f3wna","item":"https:\/\/pluskata.pl\/www\/pl\/aktualnosci\/"},{"@type":"ListItem","position":2,"name":"Rejsy 2021"}]},{"@type":"WebSite","@id":"https:\/\/pluskata.pl\/www\/#website","url":"https:\/\/pluskata.pl\/www\/","name":"Podr\u00f3\u017ce jachtem po \u015bwiecie","description":"Zapraszamy do wsp\u00f3lnego \u017ceglowania","publisher":{"@id":"https:\/\/pluskata.pl\/www\/#\/schema\/person\/15daea66397efafeded8883b67482cc0"},"potentialAction":[{"@type":"SearchAction","target":{"@type":"EntryPoint","urlTemplate":"https:\/\/pluskata.pl\/www\/?s={search_term_string}"},"query-input":{"@type":"PropertyValueSpecification","valueRequired":true,"valueName":"search_term_string"}}],"inLanguage":"pl-PL"},{"@type":["Person","Organization"],"@id":"https:\/\/pluskata.pl\/www\/#\/schema\/person\/15daea66397efafeded8883b67482cc0","name":"Pluskata","image":{"@type":"ImageObject","inLanguage":"pl-PL","@id":"https:\/\/pluskata.pl\/www\/wp-content\/uploads\/2020\/12\/cropped-Logo-Pluskata_512.png","url":"https:\/\/pluskata.pl\/www\/wp-content\/uploads\/2020\/12\/cropped-Logo-Pluskata_512.png","contentUrl":"https:\/\/pluskata.pl\/www\/wp-content\/uploads\/2020\/12\/cropped-Logo-Pluskata_512.png","width":512,"height":512,"caption":"Pluskata"},"logo":{"@id":"https:\/\/pluskata.pl\/www\/wp-content\/uploads\/2020\/12\/cropped-Logo-Pluskata_512.png"},"sameAs":["http:\/\/www.pluskata.pl","https:\/\/www.facebook.com\/pluskata"]}]}},"_links":{"self":[{"href":"https:\/\/pluskata.pl\/www\/wp-json\/wp\/v2\/pages\/1027","targetHints":{"allow":["GET"]}}],"collection":[{"href":"https:\/\/pluskata.pl\/www\/wp-json\/wp\/v2\/pages"}],"about":[{"href":"https:\/\/pluskata.pl\/www\/wp-json\/wp\/v2\/types\/page"}],"author":[{"embeddable":true,"href":"https:\/\/pluskata.pl\/www\/wp-json\/wp\/v2\/users\/1"}],"replies":[{"embeddable":true,"href":"https:\/\/pluskata.pl\/www\/wp-json\/wp\/v2\/comments?post=1027"}],"version-history":[{"count":0,"href":"https:\/\/pluskata.pl\/www\/wp-json\/wp\/v2\/pages\/1027\/revisions"}],"wp:attachment":[{"href":"https:\/\/pluskata.pl\/www\/wp-json\/wp\/v2\/media?parent=1027"}],"curies":[{"name":"wp","href":"https:\/\/api.w.org\/{rel}","templated":true}]}}