{"id":100,"date":"2016-11-26T15:05:06","date_gmt":"2016-11-26T14:05:06","guid":{"rendered":"http:\/\/pluskata.pl\/private\/wp\/?page_id=100"},"modified":"2023-01-31T17:08:32","modified_gmt":"2023-01-31T16:08:32","slug":"main-page","status":"publish","type":"page","link":"https:\/\/pluskata.pl\/www\/en\/informations\/main-page\/","title":{"rendered":"About us"},"content":{"rendered":"<p><a href=\"https:\/\/pluskata.pl\/www\/en\/informations\/main-page\/my-2\/\"><img loading=\"lazy\" decoding=\"async\" class=\"alignnone wp-image-3495 size-medium\" src=\"https:\/\/pluskata.pl\/www\/wp-content\/uploads\/2023\/01\/My-300x169.jpg\" alt=\"We\" width=\"300\" height=\"169\" srcset=\"https:\/\/pluskata.pl\/www\/wp-content\/uploads\/2023\/01\/My-300x169.jpg 300w, https:\/\/pluskata.pl\/www\/wp-content\/uploads\/2023\/01\/My-1024x576.jpg 1024w, https:\/\/pluskata.pl\/www\/wp-content\/uploads\/2023\/01\/My-768x432.jpg 768w, https:\/\/pluskata.pl\/www\/wp-content\/uploads\/2023\/01\/My-1536x864.jpg 1536w, https:\/\/pluskata.pl\/www\/wp-content\/uploads\/2023\/01\/My-150x84.jpg 150w, https:\/\/pluskata.pl\/www\/wp-content\/uploads\/2023\/01\/My.jpg 1600w\" sizes=\"auto, (max-width: 300px) 100vw, 300px\" \/><\/a><\/p>\n<p>We are two dedicated sailors \u2013 we have been sailing since our early childhoods, and the yacht we sail on is our home.<br \/>\nWe love sightseeing, sailing, meeting new people and different cultures \u2013 as a rule, we are gregarious and friendly.<br \/>\nWe decided to see the world \u2013 and as over 70% of Earth surface is water, we are seeing this world from a yacht \ud83d\ude42<br \/>\nWe sail with close friends, distant acquaintances, and also friends of friends and people we haven&#8217;t met before.<\/p>\n","protected":false},"excerpt":{"rendered":"<p>We are two dedicated sailors \u2013 we have been sailing since our early childhoods, and the yacht we sail on is our home. We love sightseeing, sailing, meeting new people and different cultures \u2013 as a rule, we are gregarious and friendly. We decided to see the world \u2013 and\u2026<\/p>\n<p class=\"continue-reading-button\"> <a class=\"continue-reading-link\" href=\"https:\/\/pluskata.pl\/www\/en\/informations\/main-page\/\">Czytaj dalej\/Continue reading<i class=\"crycon-right-dir\"><\/i><\/a><\/p>\n","protected":false},"author":1,"featured_media":0,"parent":80,"menu_order":27,"comment_status":"closed","ping_status":"closed","template":"","meta":{"footnotes":""},"class_list":["post-100","page","type-page","status-publish","hentry"],"yoast_head":"<!-- This site is optimized with the Yoast SEO plugin v27.5 - https:\/\/yoast.com\/product\/yoast-seo-wordpress\/ -->\n<title>About us - Podr\u00f3\u017ce jachtem po \u015bwiecie<\/title>\n<meta name=\"robots\" content=\"index, follow, max-snippet:-1, max-image-preview:large, max-video-preview:-1\" \/>\n<link rel=\"canonical\" href=\"https:\/\/pluskata.pl\/www\/en\/informations\/main-page\/\" \/>\n<meta property=\"og:locale\" content=\"pl_PL\" \/>\n<meta property=\"og:type\" content=\"article\" \/>\n<meta property=\"og:title\" content=\"About us - Podr\u00f3\u017ce jachtem po \u015bwiecie\" \/>\n<meta property=\"og:description\" content=\"We are two dedicated sailors \u2013 we have been sailing since our early childhoods, and the yacht we sail on is our home. We love sightseeing, sailing, meeting new people and different cultures \u2013 as a rule, we are gregarious and friendly. We decided to see the world \u2013 and\u2026 Czytaj dalej\/Continue reading\" \/>\n<meta property=\"og:url\" content=\"https:\/\/pluskata.pl\/www\/en\/informations\/main-page\/\" \/>\n<meta property=\"og:site_name\" content=\"Podr\u00f3\u017ce jachtem po \u015bwiecie\" \/>\n<meta property=\"article:publisher\" content=\"https:\/\/www.facebook.com\/pluskata\" \/>\n<meta property=\"article:modified_time\" content=\"2023-01-31T16:08:32+00:00\" \/>\n<meta property=\"og:image\" content=\"https:\/\/pluskata.pl\/www\/wp-content\/uploads\/2023\/01\/My-300x169.jpg\" \/>\n<meta name=\"twitter:card\" content=\"summary_large_image\" \/>\n<script type=\"application\/ld+json\" class=\"yoast-schema-graph\">{\"@context\":\"https:\\\/\\\/schema.org\",\"@graph\":[{\"@type\":\"WebPage\",\"@id\":\"https:\\\/\\\/pluskata.pl\\\/www\\\/en\\\/informations\\\/main-page\\\/\",\"url\":\"https:\\\/\\\/pluskata.pl\\\/www\\\/en\\\/informations\\\/main-page\\\/\",\"name\":\"About us - Podr\u00f3\u017ce jachtem po \u015bwiecie\",\"isPartOf\":{\"@id\":\"https:\\\/\\\/pluskata.pl\\\/www\\\/#website\"},\"primaryImageOfPage\":{\"@id\":\"https:\\\/\\\/pluskata.pl\\\/www\\\/en\\\/informations\\\/main-page\\\/#primaryimage\"},\"image\":{\"@id\":\"https:\\\/\\\/pluskata.pl\\\/www\\\/en\\\/informations\\\/main-page\\\/#primaryimage\"},\"thumbnailUrl\":\"https:\\\/\\\/pluskata.pl\\\/www\\\/wp-content\\\/uploads\\\/2023\\\/01\\\/My-300x169.jpg\",\"datePublished\":\"2016-11-26T14:05:06+00:00\",\"dateModified\":\"2023-01-31T16:08:32+00:00\",\"breadcrumb\":{\"@id\":\"https:\\\/\\\/pluskata.pl\\\/www\\\/en\\\/informations\\\/main-page\\\/#breadcrumb\"},\"inLanguage\":\"pl-PL\",\"potentialAction\":[{\"@type\":\"ReadAction\",\"target\":[\"https:\\\/\\\/pluskata.pl\\\/www\\\/en\\\/informations\\\/main-page\\\/\"]}]},{\"@type\":\"ImageObject\",\"inLanguage\":\"pl-PL\",\"@id\":\"https:\\\/\\\/pluskata.pl\\\/www\\\/en\\\/informations\\\/main-page\\\/#primaryimage\",\"url\":\"https:\\\/\\\/pluskata.pl\\\/www\\\/wp-content\\\/uploads\\\/2023\\\/01\\\/My.jpg\",\"contentUrl\":\"https:\\\/\\\/pluskata.pl\\\/www\\\/wp-content\\\/uploads\\\/2023\\\/01\\\/My.jpg\",\"width\":1600,\"height\":900,\"caption\":\"My\"},{\"@type\":\"BreadcrumbList\",\"@id\":\"https:\\\/\\\/pluskata.pl\\\/www\\\/en\\\/informations\\\/main-page\\\/#breadcrumb\",\"itemListElement\":[{\"@type\":\"ListItem\",\"position\":1,\"name\":\"Strona g\u0142\u00f3wna\",\"item\":\"https:\\\/\\\/pluskata.pl\\\/www\\\/pl\\\/aktualnosci\\\/\"},{\"@type\":\"ListItem\",\"position\":2,\"name\":\"Informations\",\"item\":\"https:\\\/\\\/pluskata.pl\\\/www\\\/en\\\/informations\\\/\"},{\"@type\":\"ListItem\",\"position\":3,\"name\":\"About us\"}]},{\"@type\":\"WebSite\",\"@id\":\"https:\\\/\\\/pluskata.pl\\\/www\\\/#website\",\"url\":\"https:\\\/\\\/pluskata.pl\\\/www\\\/\",\"name\":\"Podr\u00f3\u017ce jachtem po \u015bwiecie\",\"description\":\"Zapraszamy do wsp\u00f3lnego \u017ceglowania\",\"publisher\":{\"@id\":\"https:\\\/\\\/pluskata.pl\\\/www\\\/#\\\/schema\\\/person\\\/15daea66397efafeded8883b67482cc0\"},\"potentialAction\":[{\"@type\":\"SearchAction\",\"target\":{\"@type\":\"EntryPoint\",\"urlTemplate\":\"https:\\\/\\\/pluskata.pl\\\/www\\\/?s={search_term_string}\"},\"query-input\":{\"@type\":\"PropertyValueSpecification\",\"valueRequired\":true,\"valueName\":\"search_term_string\"}}],\"inLanguage\":\"pl-PL\"},{\"@type\":[\"Person\",\"Organization\"],\"@id\":\"https:\\\/\\\/pluskata.pl\\\/www\\\/#\\\/schema\\\/person\\\/15daea66397efafeded8883b67482cc0\",\"name\":\"Pluskata\",\"image\":{\"@type\":\"ImageObject\",\"inLanguage\":\"pl-PL\",\"@id\":\"https:\\\/\\\/pluskata.pl\\\/www\\\/wp-content\\\/uploads\\\/2020\\\/12\\\/cropped-Logo-Pluskata_512.png\",\"url\":\"https:\\\/\\\/pluskata.pl\\\/www\\\/wp-content\\\/uploads\\\/2020\\\/12\\\/cropped-Logo-Pluskata_512.png\",\"contentUrl\":\"https:\\\/\\\/pluskata.pl\\\/www\\\/wp-content\\\/uploads\\\/2020\\\/12\\\/cropped-Logo-Pluskata_512.png\",\"width\":512,\"height\":512,\"caption\":\"Pluskata\"},\"logo\":{\"@id\":\"https:\\\/\\\/pluskata.pl\\\/www\\\/wp-content\\\/uploads\\\/2020\\\/12\\\/cropped-Logo-Pluskata_512.png\"},\"sameAs\":[\"http:\\\/\\\/www.pluskata.pl\",\"https:\\\/\\\/www.facebook.com\\\/pluskata\"]}]}<\/script>\n<!-- \/ Yoast SEO plugin. -->","yoast_head_json":{"title":"About us - Podr\u00f3\u017ce jachtem po \u015bwiecie","robots":{"index":"index","follow":"follow","max-snippet":"max-snippet:-1","max-image-preview":"max-image-preview:large","max-video-preview":"max-video-preview:-1"},"canonical":"https:\/\/pluskata.pl\/www\/en\/informations\/main-page\/","og_locale":"pl_PL","og_type":"article","og_title":"About us - Podr\u00f3\u017ce jachtem po \u015bwiecie","og_description":"We are two dedicated sailors \u2013 we have been sailing since our early childhoods, and the yacht we sail on is our home. We love sightseeing, sailing, meeting new people and different cultures \u2013 as a rule, we are gregarious and friendly. We decided to see the world \u2013 and\u2026 Czytaj dalej\/Continue reading","og_url":"https:\/\/pluskata.pl\/www\/en\/informations\/main-page\/","og_site_name":"Podr\u00f3\u017ce jachtem po \u015bwiecie","article_publisher":"https:\/\/www.facebook.com\/pluskata","article_modified_time":"2023-01-31T16:08:32+00:00","og_image":[{"url":"https:\/\/pluskata.pl\/www\/wp-content\/uploads\/2023\/01\/My-300x169.jpg","type":"","width":"","height":""}],"twitter_card":"summary_large_image","schema":{"@context":"https:\/\/schema.org","@graph":[{"@type":"WebPage","@id":"https:\/\/pluskata.pl\/www\/en\/informations\/main-page\/","url":"https:\/\/pluskata.pl\/www\/en\/informations\/main-page\/","name":"About us - Podr\u00f3\u017ce jachtem po \u015bwiecie","isPartOf":{"@id":"https:\/\/pluskata.pl\/www\/#website"},"primaryImageOfPage":{"@id":"https:\/\/pluskata.pl\/www\/en\/informations\/main-page\/#primaryimage"},"image":{"@id":"https:\/\/pluskata.pl\/www\/en\/informations\/main-page\/#primaryimage"},"thumbnailUrl":"https:\/\/pluskata.pl\/www\/wp-content\/uploads\/2023\/01\/My-300x169.jpg","datePublished":"2016-11-26T14:05:06+00:00","dateModified":"2023-01-31T16:08:32+00:00","breadcrumb":{"@id":"https:\/\/pluskata.pl\/www\/en\/informations\/main-page\/#breadcrumb"},"inLanguage":"pl-PL","potentialAction":[{"@type":"ReadAction","target":["https:\/\/pluskata.pl\/www\/en\/informations\/main-page\/"]}]},{"@type":"ImageObject","inLanguage":"pl-PL","@id":"https:\/\/pluskata.pl\/www\/en\/informations\/main-page\/#primaryimage","url":"https:\/\/pluskata.pl\/www\/wp-content\/uploads\/2023\/01\/My.jpg","contentUrl":"https:\/\/pluskata.pl\/www\/wp-content\/uploads\/2023\/01\/My.jpg","width":1600,"height":900,"caption":"My"},{"@type":"BreadcrumbList","@id":"https:\/\/pluskata.pl\/www\/en\/informations\/main-page\/#breadcrumb","itemListElement":[{"@type":"ListItem","position":1,"name":"Strona g\u0142\u00f3wna","item":"https:\/\/pluskata.pl\/www\/pl\/aktualnosci\/"},{"@type":"ListItem","position":2,"name":"Informations","item":"https:\/\/pluskata.pl\/www\/en\/informations\/"},{"@type":"ListItem","position":3,"name":"About us"}]},{"@type":"WebSite","@id":"https:\/\/pluskata.pl\/www\/#website","url":"https:\/\/pluskata.pl\/www\/","name":"Podr\u00f3\u017ce jachtem po \u015bwiecie","description":"Zapraszamy do wsp\u00f3lnego \u017ceglowania","publisher":{"@id":"https:\/\/pluskata.pl\/www\/#\/schema\/person\/15daea66397efafeded8883b67482cc0"},"potentialAction":[{"@type":"SearchAction","target":{"@type":"EntryPoint","urlTemplate":"https:\/\/pluskata.pl\/www\/?s={search_term_string}"},"query-input":{"@type":"PropertyValueSpecification","valueRequired":true,"valueName":"search_term_string"}}],"inLanguage":"pl-PL"},{"@type":["Person","Organization"],"@id":"https:\/\/pluskata.pl\/www\/#\/schema\/person\/15daea66397efafeded8883b67482cc0","name":"Pluskata","image":{"@type":"ImageObject","inLanguage":"pl-PL","@id":"https:\/\/pluskata.pl\/www\/wp-content\/uploads\/2020\/12\/cropped-Logo-Pluskata_512.png","url":"https:\/\/pluskata.pl\/www\/wp-content\/uploads\/2020\/12\/cropped-Logo-Pluskata_512.png","contentUrl":"https:\/\/pluskata.pl\/www\/wp-content\/uploads\/2020\/12\/cropped-Logo-Pluskata_512.png","width":512,"height":512,"caption":"Pluskata"},"logo":{"@id":"https:\/\/pluskata.pl\/www\/wp-content\/uploads\/2020\/12\/cropped-Logo-Pluskata_512.png"},"sameAs":["http:\/\/www.pluskata.pl","https:\/\/www.facebook.com\/pluskata"]}]}},"_links":{"self":[{"href":"https:\/\/pluskata.pl\/www\/wp-json\/wp\/v2\/pages\/100","targetHints":{"allow":["GET"]}}],"collection":[{"href":"https:\/\/pluskata.pl\/www\/wp-json\/wp\/v2\/pages"}],"about":[{"href":"https:\/\/pluskata.pl\/www\/wp-json\/wp\/v2\/types\/page"}],"author":[{"embeddable":true,"href":"https:\/\/pluskata.pl\/www\/wp-json\/wp\/v2\/users\/1"}],"replies":[{"embeddable":true,"href":"https:\/\/pluskata.pl\/www\/wp-json\/wp\/v2\/comments?post=100"}],"version-history":[{"count":0,"href":"https:\/\/pluskata.pl\/www\/wp-json\/wp\/v2\/pages\/100\/revisions"}],"up":[{"embeddable":true,"href":"https:\/\/pluskata.pl\/www\/wp-json\/wp\/v2\/pages\/80"}],"wp:attachment":[{"href":"https:\/\/pluskata.pl\/www\/wp-json\/wp\/v2\/media?parent=100"}],"curies":[{"name":"wp","href":"https:\/\/api.w.org\/{rel}","templated":true}]}}